{"id":10534,"date":"2023-06-29T14:47:03","date_gmt":"2023-06-29T12:47:03","guid":{"rendered":"https:\/\/www.fastighetsmassangbg.se\/cookies\/"},"modified":"2025-09-30T16:57:52","modified_gmt":"2025-09-30T14:57:52","slug":"cookies","status":"publish","type":"page","link":"https:\/\/www.fastighetsmassangbg.se\/en\/cookies\/","title":{"rendered":"Cookies"},"content":{"rendered":"\t\t<div data-elementor-type=\"wp-page\" data-elementor-id=\"10534\" class=\"elementor elementor-10534 elementor-5330\" data-elementor-post-type=\"page\">\n\t\t\t\t\t\t<section class=\"elementor-section elementor-top-section elementor-element elementor-element-1f2828f6 elementor-section-boxed elementor-section-height-default elementor-section-height-default\" data-id=\"1f2828f6\" data-element_type=\"section\" data-settings=\"{&quot;animation&quot;:&quot;none&quot;}\">\n\t\t\t\t\t\t<div class=\"elementor-container elementor-column-gap-default\">\n\t\t\t\t\t<div class=\"elementor-column elementor-col-100 elementor-top-column elementor-element elementor-element-6f551cef\" data-id=\"6f551cef\" data-element_type=\"column\">\n\t\t\t<div class=\"elementor-widget-wrap elementor-element-populated\">\n\t\t\t\t\t\t<section class=\"elementor-section elementor-inner-section elementor-element elementor-element-602f5cf elementor-reverse-mobile elementor-section-boxed elementor-section-height-default elementor-section-height-default\" data-id=\"602f5cf\" data-element_type=\"section\">\n\t\t\t\t\t\t<div class=\"elementor-container elementor-column-gap-default\">\n\t\t\t\t\t<div class=\"elementor-column elementor-col-50 elementor-inner-column elementor-element elementor-element-8b54ef8\" data-id=\"8b54ef8\" data-element_type=\"column\">\n\t\t\t<div class=\"elementor-widget-wrap elementor-element-populated\">\n\t\t\t\t\t\t<div class=\"elementor-element elementor-element-9fa4aed elementor-widget elementor-widget-heading\" data-id=\"9fa4aed\" data-element_type=\"widget\" data-widget_type=\"heading.default\">\n\t\t\t\t<div class=\"elementor-widget-container\">\n\t\t\t\t\t<h1 class=\"elementor-heading-title elementor-size-default\">cookie policy<\/h1>\t\t\t\t<\/div>\n\t\t\t\t<\/div>\n\t\t\t\t\t<\/div>\n\t\t<\/div>\n\t\t\t\t<div class=\"elementor-column elementor-col-50 elementor-inner-column elementor-element elementor-element-8948d2c\" data-id=\"8948d2c\" data-element_type=\"column\">\n\t\t\t<div class=\"elementor-widget-wrap elementor-element-populated\">\n\t\t\t\t\t\t<div class=\"elementor-element elementor-element-f21d19d elementor-view-default elementor-widget elementor-widget-icon\" data-id=\"f21d19d\" data-element_type=\"widget\" data-widget_type=\"icon.default\">\n\t\t\t\t<div class=\"elementor-widget-container\">\n\t\t\t\t\t\t\t<div class=\"elementor-icon-wrapper\">\n\t\t\t<div class=\"elementor-icon\">\n\t\t\t<i aria-hidden=\"true\" class=\"fas fa-cookie-bite\"><\/i>\t\t\t<\/div>\n\t\t<\/div>\n\t\t\t\t\t\t<\/div>\n\t\t\t\t<\/div>\n\t\t\t\t\t<\/div>\n\t\t<\/div>\n\t\t\t\t\t<\/div>\n\t\t<\/section>\n\t\t\t\t<div class=\"elementor-element elementor-element-4be14df2 elementor-widget elementor-widget-text-editor\" data-id=\"4be14df2\" data-element_type=\"widget\" data-widget_type=\"text-editor.default\">\n\t\t\t\t<div class=\"elementor-widget-container\">\n\t\t\t\t\t\t\t\t\t<p>On our websites we use cookies and other comparable technologies. The cookies we use collect information about your use of the websites and store the information on your device. We do this to ensure that our websites function satisfactorily and are easy to use, to improve your user experience and to be able to provide you with relevant offers.<\/p>\n\t\t\t\t\t\t\t\t<\/div>\n\t\t\t\t<\/div>\n\t\t\t\t<div class=\"elementor-element elementor-element-10c95300 elementor-widget elementor-widget-heading\" data-id=\"10c95300\" data-element_type=\"widget\" data-widget_type=\"heading.default\">\n\t\t\t\t<div class=\"elementor-widget-container\">\n\t\t\t\t\t<h2 class=\"elementor-heading-title elementor-size-default\">Your consent is required<\/h2>\t\t\t\t<\/div>\n\t\t\t\t<\/div>\n\t\t\t\t<div class=\"elementor-element elementor-element-5f3adc6c elementor-widget elementor-widget-text-editor\" data-id=\"5f3adc6c\" data-element_type=\"widget\" data-widget_type=\"text-editor.default\">\n\t\t\t\t<div class=\"elementor-widget-container\">\n\t\t\t\t\t\t\t\t\t<p>You choose yourself whether you want to accept cookies on your device or not. Your consent is required for the use of all cookies, but not for cookies that are necessary to enable the service that you, as a user, have requested. You give your consent by continuing to use our websites. If you do not agree to our use of cookies, or if you previously agreed to our use and have changed your mind, you can change your cookie settings at any time.<\/p>\n\t\t\t\t\t\t\t\t<\/div>\n\t\t\t\t<\/div>\n\t\t\t\t<div class=\"elementor-element elementor-element-5a6dde24 elementor-widget elementor-widget-heading\" data-id=\"5a6dde24\" data-element_type=\"widget\" data-widget_type=\"heading.default\">\n\t\t\t\t<div class=\"elementor-widget-container\">\n\t\t\t\t\t<h2 class=\"elementor-heading-title elementor-size-default\">What are cookies?<\/h2>\t\t\t\t<\/div>\n\t\t\t\t<\/div>\n\t\t\t\t<div class=\"elementor-element elementor-element-273b5564 elementor-widget elementor-widget-text-editor\" data-id=\"273b5564\" data-element_type=\"widget\" data-widget_type=\"text-editor.default\">\n\t\t\t\t<div class=\"elementor-widget-container\">\n\t\t\t\t\t\t\t\t\t<p>A cookie is a small text file that is saved in your browser when you connect to a website. Some types of cookies are necessary to ensure that our websites function properly and are easy to use. Other types of cookies are used to retrieve information about what you do when you visit our websites<\/p>\n\t\t\t\t\t\t\t\t<\/div>\n\t\t\t\t<\/div>\n\t\t\t\t<div class=\"elementor-element elementor-element-a3473f4 elementor-widget elementor-widget-toggle\" data-id=\"a3473f4\" data-element_type=\"widget\" data-widget_type=\"toggle.default\">\n\t\t\t\t<div class=\"elementor-widget-container\">\n\t\t\t\t\t\t\t<div class=\"elementor-toggle\">\n\t\t\t\t\t\t\t<div class=\"elementor-toggle-item\">\n\t\t\t\t\t<div id=\"elementor-tab-title-1711\" class=\"elementor-tab-title\" data-tab=\"1\" role=\"button\" aria-controls=\"elementor-tab-content-1711\" aria-expanded=\"false\">\n\t\t\t\t\t\t\t\t\t\t\t\t<span class=\"elementor-toggle-icon elementor-toggle-icon-left\" aria-hidden=\"true\">\n\t\t\t\t\t\t\t\t\t\t\t\t\t\t\t<span class=\"elementor-toggle-icon-closed\"><i class=\"fas fa-caret-right\"><\/i><\/span>\n\t\t\t\t\t\t\t\t<span class=\"elementor-toggle-icon-opened\"><i class=\"elementor-toggle-icon-opened fas fa-caret-up\"><\/i><\/span>\n\t\t\t\t\t\t\t\t\t\t\t\t\t<\/span>\n\t\t\t\t\t\t\t\t\t\t\t\t<a class=\"elementor-toggle-title\" tabindex=\"0\">COOKIE POLICY EASYFAIRS GROUP & RELATED SUBSIDIARIES<\/a>\n\t\t\t\t\t<\/div>\n\n\t\t\t\t\t<div id=\"elementor-tab-content-1711\" class=\"elementor-tab-content elementor-clearfix\" data-tab=\"1\" role=\"region\" aria-labelledby=\"elementor-tab-title-1711\"><p>Introduction<\/p>\n<ul>\n<li>Easyfairs International SA\/NV is the parent company of a group of undertakings, active in the organisation of live events and exhibitions and venue management.<\/li>\n<li>Easyfairs International SA\/NV and its affiliated entities take the protection of their clients\u2019 (exhibitors, attendees, visitors, organisers, readers, advertisers, members, partners, prospects, etc.) personal information very seriously. Therefore, the personal data concerning our clients are kept in a secure way and treated with the utmost care. This is also true for the personal data concerning suppliers, other stakeholders and any parties in contact with us.<\/li>\n<li>While processing your personal data, Easyfairs International SA\/NV and its affiliated entities respect your right to privacy and will only process your personal information in accordance with applicable data protection laws, which include the General Data Protection Regulation (Regulation 2016\/679) (\u201c<strong>GDPR<\/strong>\u201d), the Directive 2002\/58\/EC concerning the processing of personal data and the protection of privacy in the electronic communications sector (\u201c<strong>ePrivacy Directive<\/strong>\u201d) and the national data protection laws.<\/li>\n<li>This Privacy Policy (the \u201c<strong>Policy<\/strong>\u201d) explains (i) what cookies are placed on your device and for how long, (ii) how you can remove cookies from your device and (iii) what are your rights relating to such cookies.<\/li>\n<li>Contact details of the data controller<\/li>\n<li>Your personal data is processed by the following <strong>Joint Controllers: <\/strong><\/li>\n<\/ul>\n<p>&nbsp;<\/p>\n<ul>\n<li>Easyfairs Nordic AB, with adress \u00c5by Arenav\u00e4g 8A, 431 62 M\u00f6lndal, Sweden<\/li>\n<li>\u2026..<\/li>\n<li>Easyfairs Group SA, with adress Rue Saint-Lambert 135, 1200 WoluweSaint-Lambert, Belgium.<\/li>\n<\/ul>\n<p><strong>(<\/strong>Together<strong> \u201cEasyfairs\u201d, \u201cwe\u201d and \u201cus\u201d)<\/strong><\/p>\n<p>&nbsp;<\/p>\n<ul>\n<li>If you have any questions about this Cookie Policy, or if you wish to exercise your rights mentioned under paragraph 10, please contact our local Privacy Officer, Goran Bajku\u0161a, either by mail or by email at the following address Easyfairs AB, \u00c5by Arenav\u00e4g 8A, 431 62 M\u00f6lndal or email address <a href=\"mailto:PrivacySE@easyfairs.com\">PrivacySE@easyfairs.com<\/a> according to the procedure described in paragraph 10 of our Privacy Policy.<\/li>\n<li>You can also contact our group Data Protection Officer by e-mail on the following address: <a href=\"mailto:dpo@easyfairs.com\">dpo@easyfairs.com<\/a>.<\/li>\n<li>WHAT are the purpose and legal basis of the data processing?<\/li>\n<\/ul>\n<p>&nbsp;<\/p>\n<ul>\n<li><em>Functional cookies, strictly necessary for the operation of this website<\/em><\/li>\n<\/ul>\n<p>&nbsp;<\/p>\n<ul>\n<li>We process functional cookies for the realization of our legitimate interests (Article 6 (1)(f) GDPR), in particular for the following purposes:<\/li>\n<\/ul>\n<p>(a) to measure and to optimize the performance of our website;<\/p>\n<p>(b) to offer a high-performance and adapted interface to the visitors of our digital platforms;<\/p>\n<p>(c) to use your Personal Data within aggregated or anonymized models in order to establish market analyses, for financial management, marketing or reporting or for performing big data analytics or any other type of analytics;<\/p>\n<p>In the cases referred to above, we always strive for maintaining a fair balance between the need to process your Personal Data and the preservation of your rights and freedoms, including the respect for your privacy.<\/p>\n<p>&nbsp;<\/p>\n<ul>\n<li><em>Non-functional cookies<\/em><\/li>\n<li>We process non-functional Cookies with your consent (Article 6 (1)(a) GDPR), in particular for the following purposes:<\/li>\n<\/ul>\n<p>(a) to evaluate and optimize the quality of our online services and the ease of use of our digital platforms in order to provide you with the best possible experience;<\/p>\n<p>(b) establish customer or prospect segments or marketing profiles, for example for targeted marketing;<\/p>\n<ul>\n<li>YOUR RIGHTS IN RELATION TO YOUR PERSONAL DATA<\/li>\n<\/ul>\n<p>As a data subject, you can exercise the following rights in relation to your personal data.<\/p>\n<p>To exercise these rights, please contact our local Privacy Officer, either by mail or by email at the addresses mentioned under paragraph 2.2, enclosing a copy of your identity card, passport or other valid means of identification and your specific request.<\/p>\n<ul>\n<li><strong>Right to access.<\/strong> You may, where permitted by applicable law, request to obtain information whether we process your Personal Data and, where applicable, have access to them.<\/li>\n<li><strong>Right to rectification<\/strong>. You may request that we rectify any inaccurate and\/or complete any incomplete Personal Data free of charge.<\/li>\n<li><strong>Right to withdraw consent.<\/strong> you may, as permitted by applicable law, withdraw your consent relating to cookies at any time. Such withdrawal will not affect the lawfulness of processing based on your previous consent. Please note that if you withdraw your consent, you may not be able to benefit from certain service features for which the processing of your Personal Data is essential.<\/li>\n<li><strong>Right to erasure.<\/strong> You may request that we erase your Personal Data and we will comply, unless there is a lawful reason for not doing so. For example, there may be an overriding legitimate ground for keeping your Personal Data, such as, a legal obligation that we have to comply with, or if retention is necessary for us to comply with our legal obligations.<\/li>\n<li><strong>Right to lodge a complaint with the supervisory authority.<\/strong> You have the right to contact the relevant supervisory authority in case you consider we process your Personal Data unlawfully.<\/li>\n<\/ul>\n<p>&nbsp;<\/p>\n<ul>\n<li>Linked websites<\/li>\n<\/ul>\n<p>&nbsp;<\/p>\n<p>We are not responsible for the privacy policies and practices of other websites even if you accessed the third party website using links from our Website. We recommend that you check the policy of each website you visit and contact the owner or operator of such website if you have concerns or questions.<\/p>\n<ul>\n<li>Changes to our policy<\/li>\n<\/ul>\n<p>We reserve the right to right to amend or modify this Policy without notice to you and if we do so we will post the changes on this page. It is your responsibility to check the Policy every time you submit information to us or place an order.<\/p>\n<\/div>\n\t\t\t\t<\/div>\n\t\t\t\t\t\t\t\t<\/div>\n\t\t\t\t\t\t<\/div>\n\t\t\t\t<\/div>\n\t\t\t\t<div class=\"elementor-element elementor-element-f1208e7 elementor-widget elementor-widget-iframe-widget\" data-id=\"f1208e7\" data-element_type=\"widget\" data-widget_type=\"iframe-widget.default\">\n\t\t\t\t<div class=\"elementor-widget-container\">\n\t\t\t\t\t<script type=\"text\/javascript\" charset=\"UTF-8\"  data-cookiescriptreport=\"report\" src=\"\/\/report.cookie-script.com\/r\/3bf88baf35c18a602366ad0bfa24ba49.js\"><\/script>\t\t\t\t<\/div>\n\t\t\t\t<\/div>\n\t\t\t\t\t<\/div>\n\t\t<\/div>\n\t\t\t\t\t<\/div>\n\t\t<\/section>\n\t\t\t\t<\/div>\n\t\t","protected":false},"excerpt":{"rendered":"<p>cookie policy On our websites we use cookies and other comparable technologies. The cookies we use collect information about your use of the websites and store the information on your device. We do this to ensure that our websites function satisfactorily and are easy to use, to improve your user experience and to be able [&hellip;]<\/p>\n","protected":false},"author":860,"featured_media":0,"parent":0,"menu_order":0,"comment_status":"closed","ping_status":"closed","template":"","meta":{"_seopress_robots_primary_cat":"","_seopress_titles_title":"Cookies","_seopress_titles_desc":"","_seopress_robots_index":"","footnotes":""},"class_list":["post-10534","page","type-page","status-publish","hentry"],"_links":{"self":[{"href":"https:\/\/www.fastighetsmassangbg.se\/en\/wp-json\/wp\/v2\/pages\/10534","targetHints":{"allow":["GET"]}}],"collection":[{"href":"https:\/\/www.fastighetsmassangbg.se\/en\/wp-json\/wp\/v2\/pages"}],"about":[{"href":"https:\/\/www.fastighetsmassangbg.se\/en\/wp-json\/wp\/v2\/types\/page"}],"author":[{"embeddable":true,"href":"https:\/\/www.fastighetsmassangbg.se\/en\/wp-json\/wp\/v2\/users\/860"}],"replies":[{"embeddable":true,"href":"https:\/\/www.fastighetsmassangbg.se\/en\/wp-json\/wp\/v2\/comments?post=10534"}],"version-history":[{"count":5,"href":"https:\/\/www.fastighetsmassangbg.se\/en\/wp-json\/wp\/v2\/pages\/10534\/revisions"}],"predecessor-version":[{"id":28858,"href":"https:\/\/www.fastighetsmassangbg.se\/en\/wp-json\/wp\/v2\/pages\/10534\/revisions\/28858"}],"wp:attachment":[{"href":"https:\/\/www.fastighetsmassangbg.se\/en\/wp-json\/wp\/v2\/media?parent=10534"}],"curies":[{"name":"wp","href":"https:\/\/api.w.org\/{rel}","templated":true}]}}