{"id":22540,"date":"2025-06-09T11:34:54","date_gmt":"2025-06-09T09:34:54","guid":{"rendered":"https:\/\/www.fastighetsmassangbg.se\/forvaltardagen\/"},"modified":"2025-06-09T11:34:57","modified_gmt":"2025-06-09T09:34:57","slug":"forvaltardagen","status":"publish","type":"page","link":"https:\/\/www.fastighetsmassangbg.se\/en\/forvaltardagen\/","title":{"rendered":"F\u00f6rvaltardagen"},"content":{"rendered":"\t\t<div data-elementor-type=\"wp-page\" data-elementor-id=\"22540\" class=\"elementor elementor-22540 elementor-10542\" data-elementor-post-type=\"page\">\n\t\t\t\t\t\t<section class=\"elementor-section elementor-top-section elementor-element elementor-element-66080fe elementor-section-boxed elementor-section-height-default elementor-section-height-default\" data-id=\"66080fe\" data-element_type=\"section\" data-settings=\"{&quot;background_background&quot;:&quot;classic&quot;}\">\n\t\t\t\t\t\t<div class=\"elementor-container elementor-column-gap-default\">\n\t\t\t\t\t<div class=\"elementor-column elementor-col-50 elementor-top-column elementor-element elementor-element-8df6653\" data-id=\"8df6653\" data-element_type=\"column\">\n\t\t\t<div class=\"elementor-widget-wrap elementor-element-populated\">\n\t\t\t\t\t\t<div class=\"elementor-element elementor-element-af89c08 elementor-widget elementor-widget-heading\" data-id=\"af89c08\" data-element_type=\"widget\" data-widget_type=\"heading.default\">\n\t\t\t\t<div class=\"elementor-widget-container\">\n\t\t\t\t\t<h3 class=\"elementor-heading-title elementor-size-default\">In collaboration with Vitec Fastighet<\/h3>\t\t\t\t<\/div>\n\t\t\t\t<\/div>\n\t\t\t\t<div class=\"elementor-element elementor-element-65a4ab1 elementor-widget elementor-widget-heading\" data-id=\"65a4ab1\" data-element_type=\"widget\" data-widget_type=\"heading.default\">\n\t\t\t\t<div class=\"elementor-widget-container\">\n\t\t\t\t\t<h1 class=\"elementor-heading-title elementor-size-default\">F\u00f6rvaltardagen<\/h1>\t\t\t\t<\/div>\n\t\t\t\t<\/div>\n\t\t\t\t<div class=\"elementor-element elementor-element-b1bebed elementor-widget elementor-widget-text-editor\" data-id=\"b1bebed\" data-element_type=\"widget\" data-widget_type=\"text-editor.default\">\n\t\t\t\t<div class=\"elementor-widget-container\">\n\t\t\t\t\t\t\t\t\t<p>F\u00f6rvaltardagen is a half-day conference focused on property and asset management. It brings together top expertise through inspiring talks, networking, and business opportunities.<br \/>\nThe conference is organized in collaboration with industry leaders and combines an exhibition with lectures to offer you\u2014as a property manager, head of real estate, sustainability manager, CTO, or business asset manager\u2014inspiration and professional development.<\/p>\n<p>Right now, we\u2019re offering an Early Bird deal where tickets cost only 895 SEK. This offer is valid until August, after which the ticket price will be 1,095 SEK.<\/p>\n\t\t\t\t\t\t\t\t<\/div>\n\t\t\t\t<\/div>\n\t\t\t\t<div class=\"elementor-element elementor-element-533d523 elementor-align-left elementor-widget elementor-widget-dynamic-button\" data-id=\"533d523\" data-element_type=\"widget\" data-widget_type=\"dynamic-button.default\">\n\t\t\t\t<div class=\"elementor-widget-container\">\n\t\t\t\t\t        <div class=\"elementor-button-wrapper\">\n            <a href=\"https:\/\/register.visitcloud.com\/survey\/39fq4dfkl00l2\" class=\"elementor-button-link elementor-button elementor-size-sm elementor-animation-grow\" role=\"button\">\n                        <span class=\"elementor-button-content-wrapper\">\n\t\t\t\t\t\t<span class=\"elementor-button-text\">Get your ticket here!<\/span>\n\t\t<\/span>\n                    <\/a>\n        <\/div>\n        \t\t\t\t<\/div>\n\t\t\t\t<\/div>\n\t\t\t\t\t<\/div>\n\t\t<\/div>\n\t\t\t\t<div class=\"elementor-column elementor-col-50 elementor-top-column elementor-element elementor-element-be62156\" data-id=\"be62156\" data-element_type=\"column\">\n\t\t\t<div class=\"elementor-widget-wrap elementor-element-populated\">\n\t\t\t\t\t\t<div class=\"elementor-element elementor-element-94a5a73 elementor-widget elementor-widget-image\" data-id=\"94a5a73\" data-element_type=\"widget\" data-widget_type=\"image.default\">\n\t\t\t\t<div class=\"elementor-widget-container\">\n\t\t\t\t\t\t\t\t\t\t\t\t\t\t\t<img fetchpriority=\"high\" decoding=\"async\" width=\"800\" height=\"571\" src=\"https:\/\/easyfairsassets.com\/sites\/126\/2025\/06\/EASYFAIRS-R-30-1024x731.jpg\" class=\"attachment-large size-large wp-image-22218\" alt=\"\" srcset=\"https:\/\/easyfairsassets.com\/sites\/126\/2025\/06\/EASYFAIRS-R-30-1024x731.jpg 1024w, https:\/\/easyfairsassets.com\/sites\/126\/2025\/06\/EASYFAIRS-R-30-300x214.jpg 300w, https:\/\/easyfairsassets.com\/sites\/126\/2025\/06\/EASYFAIRS-R-30-768x548.jpg 768w, https:\/\/easyfairsassets.com\/sites\/126\/2025\/06\/EASYFAIRS-R-30-1536x1097.jpg 1536w, https:\/\/easyfairsassets.com\/sites\/126\/2025\/06\/EASYFAIRS-R-30.jpg 1920w\" sizes=\"(max-width: 800px) 100vw, 800px\" \/>\t\t\t\t\t\t\t\t\t\t\t\t\t\t\t<\/div>\n\t\t\t\t<\/div>\n\t\t\t\t\t<\/div>\n\t\t<\/div>\n\t\t\t\t\t<\/div>\n\t\t<\/section>\n\t\t\t\t<section class=\"elementor-section elementor-top-section elementor-element elementor-element-bf880eb elementor-section-boxed elementor-section-height-default elementor-section-height-default\" data-id=\"bf880eb\" data-element_type=\"section\" data-settings=\"{&quot;background_background&quot;:&quot;classic&quot;}\">\n\t\t\t\t\t\t<div class=\"elementor-container elementor-column-gap-default\">\n\t\t\t\t\t<div class=\"elementor-column elementor-col-50 elementor-top-column elementor-element elementor-element-49bda2f\" data-id=\"49bda2f\" data-element_type=\"column\">\n\t\t\t<div class=\"elementor-widget-wrap elementor-element-populated\">\n\t\t\t\t\t\t<div class=\"elementor-element elementor-element-292d2fd elementor-widget elementor-widget-image\" data-id=\"292d2fd\" data-element_type=\"widget\" data-widget_type=\"image.default\">\n\t\t\t\t<div class=\"elementor-widget-container\">\n\t\t\t\t\t\t\t\t\t\t\t\t\t\t\t<img decoding=\"async\" src=\"https:\/\/easyfairsassets.com\/sites\/126\/2025\/06\/pernilla-1.jpg\" title=\"pernilla\" alt=\"pernilla\" loading=\"lazy\" \/>\t\t\t\t\t\t\t\t\t\t\t\t\t\t\t<\/div>\n\t\t\t\t<\/div>\n\t\t\t\t<div class=\"elementor-element elementor-element-cb3e8d5 elementor-widget elementor-widget-heading\" data-id=\"cb3e8d5\" data-element_type=\"widget\" data-widget_type=\"heading.default\">\n\t\t\t\t<div class=\"elementor-widget-container\">\n\t\t\t\t\t<h2 class=\"elementor-heading-title elementor-size-default\">Moderator<\/h2>\t\t\t\t<\/div>\n\t\t\t\t<\/div>\n\t\t\t\t<div class=\"elementor-element elementor-element-2213318 elementor-widget elementor-widget-text-editor\" data-id=\"2213318\" data-element_type=\"widget\" data-widget_type=\"text-editor.default\">\n\t\t\t\t<div class=\"elementor-widget-container\">\n\t\t\t\t\t\t\t\t\t<p>Pernilla Warberg<\/p>\n\t\t\t\t\t\t\t\t<\/div>\n\t\t\t\t<\/div>\n\t\t\t\t\t<\/div>\n\t\t<\/div>\n\t\t\t\t<div class=\"elementor-column elementor-col-50 elementor-top-column elementor-element elementor-element-bbcb5ae\" data-id=\"bbcb5ae\" data-element_type=\"column\">\n\t\t\t<div class=\"elementor-widget-wrap elementor-element-populated\">\n\t\t\t\t\t\t<div class=\"elementor-element elementor-element-8d38c11 elementor-widget elementor-widget-text-editor\" data-id=\"8d38c11\" data-element_type=\"widget\" data-widget_type=\"text-editor.default\">\n\t\t\t\t<div class=\"elementor-widget-container\">\n\t\t\t\t\t\t\t\t\t<p><strong>Date:<\/strong> 17th of September<br \/>\n<strong>Time: <\/strong>08.30-13.00<br \/>\n<strong>Place:<\/strong> \u00c5by konferensrum<\/p>\n\t\t\t\t\t\t\t\t<\/div>\n\t\t\t\t<\/div>\n\t\t\t\t\t<\/div>\n\t\t<\/div>\n\t\t\t\t\t<\/div>\n\t\t<\/section>\n\t\t\t\t<section class=\"elementor-section elementor-top-section elementor-element elementor-element-7b65575 elementor-section-boxed elementor-section-height-default elementor-section-height-default\" data-id=\"7b65575\" data-element_type=\"section\">\n\t\t\t\t\t\t<div class=\"elementor-container elementor-column-gap-default\">\n\t\t\t\t\t<div class=\"elementor-column elementor-col-100 elementor-top-column elementor-element elementor-element-0d1f9b0\" data-id=\"0d1f9b0\" data-element_type=\"column\">\n\t\t\t<div class=\"elementor-widget-wrap elementor-element-populated\">\n\t\t\t\t\t\t<div class=\"elementor-element elementor-element-f63a1aa elementor-widget elementor-widget-heading\" data-id=\"f63a1aa\" data-element_type=\"widget\" data-widget_type=\"heading.default\">\n\t\t\t\t<div class=\"elementor-widget-container\">\n\t\t\t\t\t<h2 class=\"elementor-heading-title elementor-size-default\">Schedule for the conference 2025<\/h2>\t\t\t\t<\/div>\n\t\t\t\t<\/div>\n\t\t\t\t<div class=\"elementor-element elementor-element-84c552f elementor-widget elementor-widget-text-editor\" data-id=\"84c552f\" data-element_type=\"widget\" data-widget_type=\"text-editor.default\">\n\t\t\t\t<div class=\"elementor-widget-container\">\n\t\t\t\t\t\t\t\t\t<p><strong>08.30-09.00:<\/strong> Breakfast<br \/>\n<strong>09.00-09.10:<\/strong> Welcome<br \/>\n<strong>10.20-10.40:<\/strong> Pause &amp; mingle<br \/>\n<strong>12.00-13.00:<\/strong> Lunch &amp; mingle<\/p>\n\t\t\t\t\t\t\t\t<\/div>\n\t\t\t\t<\/div>\n\t\t\t\t\t<\/div>\n\t\t<\/div>\n\t\t\t\t\t<\/div>\n\t\t<\/section>\n\t\t\t\t<section class=\"elementor-section elementor-top-section elementor-element elementor-element-180bfef elementor-section-boxed elementor-section-height-default elementor-section-height-default\" data-id=\"180bfef\" data-element_type=\"section\">\n\t\t\t\t\t\t<div class=\"elementor-container elementor-column-gap-default\">\n\t\t\t\t\t<div class=\"elementor-column elementor-col-25 elementor-top-column elementor-element elementor-element-7068825\" data-id=\"7068825\" data-element_type=\"column\">\n\t\t\t<div class=\"elementor-widget-wrap elementor-element-populated\">\n\t\t\t\t\t\t<div class=\"elementor-element elementor-element-8ca3cc9 elementor-widget elementor-widget-heading\" data-id=\"8ca3cc9\" data-element_type=\"widget\" data-widget_type=\"heading.default\">\n\t\t\t\t<div class=\"elementor-widget-container\">\n\t\t\t\t\t<h2 class=\"elementor-heading-title elementor-size-default\">09.10-09.45<\/h2>\t\t\t\t<\/div>\n\t\t\t\t<\/div>\n\t\t\t\t<div class=\"elementor-element elementor-element-d429a77 elementor-widget__width-initial elementor-position-top elementor-widget elementor-widget-image-box\" data-id=\"d429a77\" data-element_type=\"widget\" data-widget_type=\"image-box.default\">\n\t\t\t\t<div class=\"elementor-widget-container\">\n\t\t\t\t\t<div class=\"elementor-image-box-wrapper\"><figure class=\"elementor-image-box-img\"><img decoding=\"async\" width=\"833\" height=\"521\" src=\"https:\/\/easyfairsassets.com\/sites\/126\/2025\/05\/kristofer-2.jpg\" class=\"attachment-full size-full wp-image-21822\" alt=\"\" srcset=\"https:\/\/easyfairsassets.com\/sites\/126\/2025\/05\/kristofer-2.jpg 833w, https:\/\/easyfairsassets.com\/sites\/126\/2025\/05\/kristofer-2-300x188.jpg 300w, https:\/\/easyfairsassets.com\/sites\/126\/2025\/05\/kristofer-2-768x480.jpg 768w\" sizes=\"(max-width: 833px) 100vw, 833px\" \/><\/figure><div class=\"elementor-image-box-content\"><h3 class=\"elementor-image-box-title\">AI in Practice: From Vision to Reality<\/h3><p class=\"elementor-image-box-description\">AI is here to transform the real estate industry. In this presentation, we\u2019ll show how Vitec turns innovation into practical value through AI solutions that streamline processes, enhance the customer experience, and improve accessibility.  **Speaker:** Kristofer Olsson, Product Management, Vitec Fastighet<\/p><\/div><\/div>\t\t\t\t<\/div>\n\t\t\t\t<\/div>\n\t\t\t\t\t<\/div>\n\t\t<\/div>\n\t\t\t\t<div class=\"elementor-column elementor-col-25 elementor-top-column elementor-element elementor-element-303ccce\" data-id=\"303ccce\" data-element_type=\"column\">\n\t\t\t<div class=\"elementor-widget-wrap elementor-element-populated\">\n\t\t\t\t\t\t<div class=\"elementor-element elementor-element-6642033 elementor-widget elementor-widget-heading\" data-id=\"6642033\" data-element_type=\"widget\" data-widget_type=\"heading.default\">\n\t\t\t\t<div class=\"elementor-widget-container\">\n\t\t\t\t\t<h2 class=\"elementor-heading-title elementor-size-default\">09.45-10.20<\/h2>\t\t\t\t<\/div>\n\t\t\t\t<\/div>\n\t\t\t\t<div class=\"elementor-element elementor-element-cd12bf3 elementor-widget__width-initial elementor-position-top elementor-widget elementor-widget-image-box\" data-id=\"cd12bf3\" data-element_type=\"widget\" data-widget_type=\"image-box.default\">\n\t\t\t\t<div class=\"elementor-widget-container\">\n\t\t\t\t\t<div class=\"elementor-image-box-wrapper\"><figure class=\"elementor-image-box-img\"><img decoding=\"async\" width=\"833\" height=\"521\" src=\"https:\/\/easyfairsassets.com\/sites\/126\/2025\/05\/Elin.jpg\" class=\"attachment-full size-full wp-image-21824\" alt=\"\" srcset=\"https:\/\/easyfairsassets.com\/sites\/126\/2025\/05\/Elin.jpg 833w, https:\/\/easyfairsassets.com\/sites\/126\/2025\/05\/Elin-300x188.jpg 300w, https:\/\/easyfairsassets.com\/sites\/126\/2025\/05\/Elin-768x480.jpg 768w\" sizes=\"(max-width: 833px) 100vw, 833px\" \/><\/figure><div class=\"elementor-image-box-content\"><h3 class=\"elementor-image-box-title\">Cyberattacks in Practice<\/h3><p class=\"elementor-image-box-description\">All businesses are highly dependent on IT, and an attack on the IT environment often leads to devastating consequences for the affected organization. But what does that really mean\u2014and how can you prepare for it?  **Speaker:** Elin Richarz, Senior Advisor in Crisis Management and Business Continuity Planning<\/p><\/div><\/div>\t\t\t\t<\/div>\n\t\t\t\t<\/div>\n\t\t\t\t\t<\/div>\n\t\t<\/div>\n\t\t\t\t<div class=\"elementor-column elementor-col-25 elementor-top-column elementor-element elementor-element-3030c69\" data-id=\"3030c69\" data-element_type=\"column\">\n\t\t\t<div class=\"elementor-widget-wrap elementor-element-populated\">\n\t\t\t\t\t\t<div class=\"elementor-element elementor-element-9b31c4a elementor-widget elementor-widget-heading\" data-id=\"9b31c4a\" data-element_type=\"widget\" data-widget_type=\"heading.default\">\n\t\t\t\t<div class=\"elementor-widget-container\">\n\t\t\t\t\t<h2 class=\"elementor-heading-title elementor-size-default\">10.40-11.30<\/h2>\t\t\t\t<\/div>\n\t\t\t\t<\/div>\n\t\t\t\t<div class=\"elementor-element elementor-element-612c71c elementor-widget__width-initial elementor-position-top elementor-widget elementor-widget-image-box\" data-id=\"612c71c\" data-element_type=\"widget\" data-widget_type=\"image-box.default\">\n\t\t\t\t<div class=\"elementor-widget-container\">\n\t\t\t\t\t<div class=\"elementor-image-box-wrapper\"><figure class=\"elementor-image-box-img\"><img loading=\"lazy\" decoding=\"async\" width=\"833\" height=\"521\" src=\"https:\/\/easyfairsassets.com\/sites\/126\/2025\/06\/Panel.jpg\" class=\"attachment-full size-full wp-image-22478\" alt=\"\" srcset=\"https:\/\/easyfairsassets.com\/sites\/126\/2025\/06\/Panel.jpg 833w, https:\/\/easyfairsassets.com\/sites\/126\/2025\/06\/Panel-300x188.jpg 300w, https:\/\/easyfairsassets.com\/sites\/126\/2025\/06\/Panel-768x480.jpg 768w\" sizes=\"(max-width: 833px) 100vw, 833px\" \/><\/figure><div class=\"elementor-image-box-content\"><h3 class=\"elementor-image-box-title\">Panel: Illegal Subletting \u2013 A Growing Challenge<\/h3><p class=\"elementor-image-box-description\">Illegal subletting is a growing problem that affects safety, finances, and fairness in the housing sector. In this panel, we address the issue from multiple perspectives\u2014from tenants and property owners to legislation and crime prevention efforts.  **Speakers:**  * Annika \u00d6by, Head of Leasing, G\u00e5rdstensbost\u00e4der * \u00c5sa Schelin, Housing Expert, Property &amp; Sustainability at Sveriges Allm\u00e4nnytta * Joel Jacobsson, Legal Advisor, Fastighets\u00e4garna * Daniel Forsell, Swedish Police Authority<\/p><\/div><\/div>\t\t\t\t<\/div>\n\t\t\t\t<\/div>\n\t\t\t\t\t<\/div>\n\t\t<\/div>\n\t\t\t\t<div class=\"elementor-column elementor-col-25 elementor-top-column elementor-element elementor-element-e2a0398\" data-id=\"e2a0398\" data-element_type=\"column\">\n\t\t\t<div class=\"elementor-widget-wrap elementor-element-populated\">\n\t\t\t\t\t\t<div class=\"elementor-element elementor-element-a75524d elementor-widget elementor-widget-heading\" data-id=\"a75524d\" data-element_type=\"widget\" data-widget_type=\"heading.default\">\n\t\t\t\t<div class=\"elementor-widget-container\">\n\t\t\t\t\t<h2 class=\"elementor-heading-title elementor-size-default\">11.30-12.00<\/h2>\t\t\t\t<\/div>\n\t\t\t\t<\/div>\n\t\t\t\t<div class=\"elementor-element elementor-element-dcab34f elementor-widget__width-initial elementor-position-top elementor-widget elementor-widget-image-box\" data-id=\"dcab34f\" data-element_type=\"widget\" data-widget_type=\"image-box.default\">\n\t\t\t\t<div class=\"elementor-widget-container\">\n\t\t\t\t\t<div class=\"elementor-image-box-wrapper\"><figure class=\"elementor-image-box-img\"><img loading=\"lazy\" decoding=\"async\" width=\"833\" height=\"521\" src=\"https:\/\/easyfairsassets.com\/sites\/126\/2025\/05\/Sara.jpg\" class=\"attachment-full size-full wp-image-22065\" alt=\"\" srcset=\"https:\/\/easyfairsassets.com\/sites\/126\/2025\/05\/Sara.jpg 833w, https:\/\/easyfairsassets.com\/sites\/126\/2025\/05\/Sara-300x188.jpg 300w, https:\/\/easyfairsassets.com\/sites\/126\/2025\/05\/Sara-768x480.jpg 768w\" sizes=\"(max-width: 833px) 100vw, 833px\" \/><\/figure><div class=\"elementor-image-box-content\"><h3 class=\"elementor-image-box-title\">Energy Efficiency \u2013 The Hidden Resource of the Energy System<\/h3><p class=\"elementor-image-box-description\">Energy efficiency can save both energy and money, yet many measures are never implemented. Why is that, and can reverse auctions change the situation?  Speaker: Sara Bargi, Project Manager, RISE<\/p><\/div><\/div>\t\t\t\t<\/div>\n\t\t\t\t<\/div>\n\t\t\t\t\t<\/div>\n\t\t<\/div>\n\t\t\t\t\t<\/div>\n\t\t<\/section>\n\t\t\t\t<section class=\"elementor-section elementor-top-section elementor-element elementor-element-f05ef29 elementor-section-boxed elementor-section-height-default elementor-section-height-default\" data-id=\"f05ef29\" data-element_type=\"section\" data-settings=\"{&quot;background_background&quot;:&quot;classic&quot;}\">\n\t\t\t\t\t\t<div class=\"elementor-container elementor-column-gap-default\">\n\t\t\t\t\t<div class=\"elementor-column elementor-col-100 elementor-top-column elementor-element elementor-element-3a8dbf3\" data-id=\"3a8dbf3\" data-element_type=\"column\" data-settings=\"{&quot;background_background&quot;:&quot;classic&quot;}\">\n\t\t\t<div class=\"elementor-widget-wrap elementor-element-populated\">\n\t\t\t\t\t\t<div class=\"elementor-element elementor-element-a5ce98d elementor-widget elementor-widget-spacer\" data-id=\"a5ce98d\" data-element_type=\"widget\" data-widget_type=\"spacer.default\">\n\t\t\t\t<div class=\"elementor-widget-container\">\n\t\t\t\t\t\t\t<div class=\"elementor-spacer\">\n\t\t\t<div class=\"elementor-spacer-inner\"><\/div>\n\t\t<\/div>\n\t\t\t\t\t\t<\/div>\n\t\t\t\t<\/div>\n\t\t\t\t\t<\/div>\n\t\t<\/div>\n\t\t\t\t\t<\/div>\n\t\t<\/section>\n\t\t\t\t<\/div>\n\t\t","protected":false},"excerpt":{"rendered":"<p>In collaboration with Vitec Fastighet F\u00f6rvaltardagen F\u00f6rvaltardagen is a half-day conference focused on property and asset management. It brings together top expertise through inspiring talks, networking, and business opportunities. The conference is organized in collaboration with industry leaders and combines an exhibition with lectures to offer you\u2014as a property manager, head of real estate, sustainability [&hellip;]<\/p>\n","protected":false},"author":860,"featured_media":0,"parent":0,"menu_order":0,"comment_status":"closed","ping_status":"closed","template":"","meta":{"_seopress_robots_primary_cat":"","_seopress_titles_title":"F\u00f6rvaltardagen - FastighetsM\u00e4ssan G\u00f6teborg","_seopress_titles_desc":"Welcome to F\u00f6rvaltardagen! After a fully booked premiere in Stockholm, the concept is further tailored toward asset managers in Gothenburg during the fair on September 17, 2025.\r\n","_seopress_robots_index":"","footnotes":""},"class_list":["post-22540","page","type-page","status-publish","hentry"],"_links":{"self":[{"href":"https:\/\/www.fastighetsmassangbg.se\/en\/wp-json\/wp\/v2\/pages\/22540","targetHints":{"allow":["GET"]}}],"collection":[{"href":"https:\/\/www.fastighetsmassangbg.se\/en\/wp-json\/wp\/v2\/pages"}],"about":[{"href":"https:\/\/www.fastighetsmassangbg.se\/en\/wp-json\/wp\/v2\/types\/page"}],"author":[{"embeddable":true,"href":"https:\/\/www.fastighetsmassangbg.se\/en\/wp-json\/wp\/v2\/users\/860"}],"replies":[{"embeddable":true,"href":"https:\/\/www.fastighetsmassangbg.se\/en\/wp-json\/wp\/v2\/comments?post=22540"}],"version-history":[{"count":1,"href":"https:\/\/www.fastighetsmassangbg.se\/en\/wp-json\/wp\/v2\/pages\/22540\/revisions"}],"predecessor-version":[{"id":22541,"href":"https:\/\/www.fastighetsmassangbg.se\/en\/wp-json\/wp\/v2\/pages\/22540\/revisions\/22541"}],"wp:attachment":[{"href":"https:\/\/www.fastighetsmassangbg.se\/en\/wp-json\/wp\/v2\/media?parent=22540"}],"curies":[{"name":"wp","href":"https:\/\/api.w.org\/{rel}","templated":true}]}}