{"id":22832,"date":"2025-06-12T10:05:46","date_gmt":"2025-06-12T08:05:46","guid":{"rendered":"https:\/\/www.fastighetsmassangbg.se\/property-security\/"},"modified":"2025-06-12T11:40:25","modified_gmt":"2025-06-12T09:40:25","slug":"property-security","status":"publish","type":"page","link":"https:\/\/www.fastighetsmassangbg.se\/en\/property-security\/","title":{"rendered":"Property security"},"content":{"rendered":"\t\t<div data-elementor-type=\"wp-page\" data-elementor-id=\"22832\" class=\"elementor elementor-22832 elementor-22688\" data-elementor-post-type=\"page\">\n\t\t\t\t\t\t<section class=\"elementor-section elementor-top-section elementor-element elementor-element-6286f09 elementor-reverse-mobile elementor-section-boxed elementor-section-height-default elementor-section-height-default\" data-id=\"6286f09\" data-element_type=\"section\" data-settings=\"{&quot;background_background&quot;:&quot;classic&quot;}\">\n\t\t\t\t\t\t<div class=\"elementor-container elementor-column-gap-default\">\n\t\t\t\t\t<div class=\"elementor-column elementor-col-50 elementor-top-column elementor-element elementor-element-087f030\" data-id=\"087f030\" data-element_type=\"column\">\n\t\t\t<div class=\"elementor-widget-wrap elementor-element-populated\">\n\t\t\t\t\t\t<div class=\"elementor-element elementor-element-7be4d02 elementor-widget elementor-widget-heading\" data-id=\"7be4d02\" data-element_type=\"widget\" data-widget_type=\"heading.default\">\n\t\t\t\t<div class=\"elementor-widget-container\">\n\t\t\t\t\t<h2 class=\"elementor-heading-title elementor-size-default\">Conference<\/h2>\t\t\t\t<\/div>\n\t\t\t\t<\/div>\n\t\t\t\t<div class=\"elementor-element elementor-element-440d946 elementor-widget elementor-widget-heading\" data-id=\"440d946\" data-element_type=\"widget\" data-widget_type=\"heading.default\">\n\t\t\t\t<div class=\"elementor-widget-container\">\n\t\t\t\t\t<h1 class=\"elementor-heading-title elementor-size-default\">Property security<\/h1>\t\t\t\t<\/div>\n\t\t\t\t<\/div>\n\t\t\t\t<div class=\"elementor-element elementor-element-967bab5 elementor-widget elementor-widget-text-editor\" data-id=\"967bab5\" data-element_type=\"widget\" data-widget_type=\"text-editor.default\">\n\t\t\t\t<div class=\"elementor-widget-container\">\n\t\t\t\t\t\t\t\t\t<p><strong>Ahead of 2024, FastighetsM\u00e4ssan made a major investment in property security by launching an entirely new conference dedicated to safety around buildings.<\/strong><\/p>\n<p>Security related to our properties is more important than ever, and as a property owner, this brings entirely new demands on you. The new world of property security is smart, connected, and tenants are placing new kinds of demands to a much greater extent than before. The conference will cover various aspects of property security, offering you new knowledge, inspiration, and skills for what lies ahead in this field.<\/p>\n<p>The conference is primarily aimed at property owners, security managers, operations managers, and technical managers. Participation is completely free of charge.<\/p>\n\t\t\t\t\t\t\t\t<\/div>\n\t\t\t\t<\/div>\n\t\t\t\t<div class=\"elementor-element elementor-element-176c658 elementor-align-left elementor-widget elementor-widget-dynamic-button\" data-id=\"176c658\" data-element_type=\"widget\" data-widget_type=\"dynamic-button.default\">\n\t\t\t\t<div class=\"elementor-widget-container\">\n\t\t\t\t\t        <div class=\"elementor-button-wrapper\">\n            <a href=\"https:\/\/register.visitcloud.com\/survey\/39fq4dfkl00l2\" target=\"_blank\" class=\"elementor-button-link elementor-button elementor-size-sm elementor-animation-grow\" role=\"button\">\n                        <span class=\"elementor-button-content-wrapper\">\n\t\t\t\t\t\t<span class=\"elementor-button-text\">Get your ticket here!<\/span>\n\t\t<\/span>\n                    <\/a>\n        <\/div>\n        \t\t\t\t<\/div>\n\t\t\t\t<\/div>\n\t\t\t\t\t<\/div>\n\t\t<\/div>\n\t\t\t\t<div class=\"elementor-column elementor-col-50 elementor-top-column elementor-element elementor-element-ba0e147\" data-id=\"ba0e147\" data-element_type=\"column\">\n\t\t\t<div class=\"elementor-widget-wrap elementor-element-populated\">\n\t\t\t\t\t\t<div class=\"elementor-element elementor-element-edfd548 elementor-widget elementor-widget-image\" data-id=\"edfd548\" data-element_type=\"widget\" data-widget_type=\"image.default\">\n\t\t\t\t<div class=\"elementor-widget-container\">\n\t\t\t\t\t\t\t\t\t\t\t\t\t\t\t<img fetchpriority=\"high\" decoding=\"async\" width=\"600\" height=\"431\" src=\"https:\/\/easyfairsassets.com\/sites\/126\/2025\/06\/Fastighetsmassan-Mingel-37.jpg\" class=\"attachment-large size-large wp-image-22702\" alt=\"\" srcset=\"https:\/\/easyfairsassets.com\/sites\/126\/2025\/06\/Fastighetsmassan-Mingel-37.jpg 600w, https:\/\/easyfairsassets.com\/sites\/126\/2025\/06\/Fastighetsmassan-Mingel-37-300x216.jpg 300w\" sizes=\"(max-width: 600px) 100vw, 600px\" \/>\t\t\t\t\t\t\t\t\t\t\t\t\t\t\t<\/div>\n\t\t\t\t<\/div>\n\t\t\t\t\t<\/div>\n\t\t<\/div>\n\t\t\t\t\t<\/div>\n\t\t<\/section>\n\t\t\t\t<section class=\"elementor-section elementor-top-section elementor-element elementor-element-7398a28 elementor-section-boxed elementor-section-height-default elementor-section-height-default\" data-id=\"7398a28\" data-element_type=\"section\" data-settings=\"{&quot;background_background&quot;:&quot;classic&quot;}\">\n\t\t\t\t\t\t<div class=\"elementor-container elementor-column-gap-default\">\n\t\t\t\t\t<div class=\"elementor-column elementor-col-50 elementor-top-column elementor-element elementor-element-9ea7946\" data-id=\"9ea7946\" data-element_type=\"column\">\n\t\t\t<div class=\"elementor-widget-wrap elementor-element-populated\">\n\t\t\t\t\t\t<div class=\"elementor-element elementor-element-aeca2a8 elementor-widget elementor-widget-image\" data-id=\"aeca2a8\" data-element_type=\"widget\" data-widget_type=\"image.default\">\n\t\t\t\t<div class=\"elementor-widget-container\">\n\t\t\t\t\t\t\t\t\t\t\t\t\t\t\t<img decoding=\"async\" src=\"https:\/\/easyfairsassets.com\/sites\/126\/2025\/06\/pernilla-1.jpg\" title=\"pernilla\" alt=\"pernilla\" loading=\"lazy\" \/>\t\t\t\t\t\t\t\t\t\t\t\t\t\t\t<\/div>\n\t\t\t\t<\/div>\n\t\t\t\t<div class=\"elementor-element elementor-element-8699736 elementor-widget elementor-widget-heading\" data-id=\"8699736\" data-element_type=\"widget\" data-widget_type=\"heading.default\">\n\t\t\t\t<div class=\"elementor-widget-container\">\n\t\t\t\t\t<h2 class=\"elementor-heading-title elementor-size-default\">Moderator<\/h2>\t\t\t\t<\/div>\n\t\t\t\t<\/div>\n\t\t\t\t<div class=\"elementor-element elementor-element-09f8644 elementor-widget elementor-widget-text-editor\" data-id=\"09f8644\" data-element_type=\"widget\" data-widget_type=\"text-editor.default\">\n\t\t\t\t<div class=\"elementor-widget-container\">\n\t\t\t\t\t\t\t\t\t<p>Pernilla Warberg<\/p>\n\t\t\t\t\t\t\t\t<\/div>\n\t\t\t\t<\/div>\n\t\t\t\t\t<\/div>\n\t\t<\/div>\n\t\t\t\t<div class=\"elementor-column elementor-col-50 elementor-top-column elementor-element elementor-element-125ac73\" data-id=\"125ac73\" data-element_type=\"column\">\n\t\t\t<div class=\"elementor-widget-wrap elementor-element-populated\">\n\t\t\t\t\t\t<div class=\"elementor-element elementor-element-a1c3637 elementor-widget elementor-widget-text-editor\" data-id=\"a1c3637\" data-element_type=\"widget\" data-widget_type=\"text-editor.default\">\n\t\t\t\t<div class=\"elementor-widget-container\">\n\t\t\t\t\t\t\t\t\t<p><strong>Date:<\/strong> 18th of September<br \/>\n<strong>Time: <\/strong>09.00-12.00<strong><br \/>\n<\/strong><strong>Place: <\/strong>\u00c5by konferensrum<\/p>\n\t\t\t\t\t\t\t\t<\/div>\n\t\t\t\t<\/div>\n\t\t\t\t\t<\/div>\n\t\t<\/div>\n\t\t\t\t\t<\/div>\n\t\t<\/section>\n\t\t\t\t<section class=\"elementor-section elementor-top-section elementor-element elementor-element-7bf421e elementor-section-boxed elementor-section-height-default elementor-section-height-default\" data-id=\"7bf421e\" data-element_type=\"section\">\n\t\t\t\t\t\t<div class=\"elementor-container elementor-column-gap-default\">\n\t\t\t\t\t<div class=\"elementor-column elementor-col-100 elementor-top-column elementor-element elementor-element-dc626b1\" data-id=\"dc626b1\" data-element_type=\"column\">\n\t\t\t<div class=\"elementor-widget-wrap elementor-element-populated\">\n\t\t\t\t\t\t<div class=\"elementor-element elementor-element-ccd670d elementor-widget elementor-widget-heading\" data-id=\"ccd670d\" data-element_type=\"widget\" data-widget_type=\"heading.default\">\n\t\t\t\t<div class=\"elementor-widget-container\">\n\t\t\t\t\t<h2 class=\"elementor-heading-title elementor-size-default\">Schedule for the conference 2025<\/h2>\t\t\t\t<\/div>\n\t\t\t\t<\/div>\n\t\t\t\t<div class=\"elementor-element elementor-element-23301e6 elementor-widget elementor-widget-text-editor\" data-id=\"23301e6\" data-element_type=\"widget\" data-widget_type=\"text-editor.default\">\n\t\t\t\t<div class=\"elementor-widget-container\">\n\t\t\t\t\t\t\t\t\t<p><strong>09.00-09.20:<\/strong> Welcome<br \/>\n<strong>10.30-11.50:<\/strong> Mingle<br \/>\n<strong>11.50-12.00:<\/strong> Ending<\/p>\n\t\t\t\t\t\t\t\t<\/div>\n\t\t\t\t<\/div>\n\t\t\t\t\t<\/div>\n\t\t<\/div>\n\t\t\t\t\t<\/div>\n\t\t<\/section>\n\t\t\t\t<section class=\"elementor-section elementor-top-section elementor-element elementor-element-542a8b3 elementor-section-boxed elementor-section-height-default elementor-section-height-default\" data-id=\"542a8b3\" data-element_type=\"section\">\n\t\t\t\t\t\t<div class=\"elementor-container elementor-column-gap-default\">\n\t\t\t\t\t<div class=\"elementor-column elementor-col-33 elementor-top-column elementor-element elementor-element-256022d\" data-id=\"256022d\" data-element_type=\"column\">\n\t\t\t<div class=\"elementor-widget-wrap elementor-element-populated\">\n\t\t\t\t\t\t<div class=\"elementor-element elementor-element-59aed02 elementor-widget elementor-widget-heading\" data-id=\"59aed02\" data-element_type=\"widget\" data-widget_type=\"heading.default\">\n\t\t\t\t<div class=\"elementor-widget-container\">\n\t\t\t\t\t<h2 class=\"elementor-heading-title elementor-size-default\">09.20-09.50<\/h2>\t\t\t\t<\/div>\n\t\t\t\t<\/div>\n\t\t\t\t<div class=\"elementor-element elementor-element-a03fbbb elementor-widget__width-initial elementor-position-top elementor-widget elementor-widget-image-box\" data-id=\"a03fbbb\" data-element_type=\"widget\" data-widget_type=\"image-box.default\">\n\t\t\t\t<div class=\"elementor-widget-container\">\n\t\t\t\t\t<div class=\"elementor-image-box-wrapper\"><figure class=\"elementor-image-box-img\"><img decoding=\"async\" width=\"400\" height=\"250\" src=\"https:\/\/easyfairsassets.com\/sites\/126\/2025\/06\/Mall-hemsida.jpg\" class=\"attachment-full size-full wp-image-22723\" alt=\"\" srcset=\"https:\/\/easyfairsassets.com\/sites\/126\/2025\/06\/Mall-hemsida.jpg 400w, https:\/\/easyfairsassets.com\/sites\/126\/2025\/06\/Mall-hemsida-300x188.jpg 300w\" sizes=\"(max-width: 400px) 100vw, 400px\" \/><\/figure><div class=\"elementor-image-box-content\"><h3 class=\"elementor-image-box-title\">After the Explosions in V\u00e4stra Fr\u00f6lunda: The Housing Company's Efforts for Safety and Security<\/h3><p class=\"elementor-image-box-description\">Sara and Camilla share their experiences with crisis management and follow-up work in connection with two explosions in V\u00e4stra Fr\u00f6lunda in February 2024, as well as the lessons they have learned from the process.** The explosions caused significant damage to the buildings, and many tenants were left feeling frightened and unsafe. In their crisis response, Bostadsbolaget had to manage both social and physical measures. Being prepared for the worst, maintaining strong relationships with partners, and supporting each other proved to be crucial in their work.  <br><br>**Speakers: Sara Fischer, *Head of Security*, and Camilla Tjernberg, *Head of Strategic Safety*, Bostadsbolaget<\/p><\/div><\/div>\t\t\t\t<\/div>\n\t\t\t\t<\/div>\n\t\t\t\t\t<\/div>\n\t\t<\/div>\n\t\t\t\t<div class=\"elementor-column elementor-col-33 elementor-top-column elementor-element elementor-element-e6646eb\" data-id=\"e6646eb\" data-element_type=\"column\">\n\t\t\t<div class=\"elementor-widget-wrap elementor-element-populated\">\n\t\t\t\t\t\t<div class=\"elementor-element elementor-element-21359f2 elementor-widget elementor-widget-heading\" data-id=\"21359f2\" data-element_type=\"widget\" data-widget_type=\"heading.default\">\n\t\t\t\t<div class=\"elementor-widget-container\">\n\t\t\t\t\t<h2 class=\"elementor-heading-title elementor-size-default\">09.50-10.30<\/h2>\t\t\t\t<\/div>\n\t\t\t\t<\/div>\n\t\t\t\t<div class=\"elementor-element elementor-element-6a6ed95 elementor-widget__width-initial elementor-position-top elementor-widget elementor-widget-image-box\" data-id=\"6a6ed95\" data-element_type=\"widget\" data-widget_type=\"image-box.default\">\n\t\t\t\t<div class=\"elementor-widget-container\">\n\t\t\t\t\t<div class=\"elementor-image-box-wrapper\"><figure class=\"elementor-image-box-img\"><img decoding=\"async\" width=\"400\" height=\"250\" src=\"https:\/\/easyfairsassets.com\/sites\/126\/2025\/06\/paul.jpg\" class=\"attachment-full size-full wp-image-22736\" alt=\"\" srcset=\"https:\/\/easyfairsassets.com\/sites\/126\/2025\/06\/paul.jpg 400w, https:\/\/easyfairsassets.com\/sites\/126\/2025\/06\/paul-300x188.jpg 300w\" sizes=\"(max-width: 400px) 100vw, 400px\" \/><\/figure><div class=\"elementor-image-box-content\"><h3 class=\"elementor-image-box-title\">When the Property Goes Online \u2013 What Could Go Wrong?<\/h3><p class=\"elementor-image-box-description\">Smart buildings are the future \u2013 but how do we keep them secure? A practical overview of IoT in properties and what you, as a property manager, need to know about IT security.  <br><br>Speaker: Paul Pinter, Advisor, Swedish Theft Prevention Association (St\u00f6ldskyddsf\u00f6reningen)<\/p><\/div><\/div>\t\t\t\t<\/div>\n\t\t\t\t<\/div>\n\t\t\t\t\t<\/div>\n\t\t<\/div>\n\t\t\t\t<div class=\"elementor-column elementor-col-33 elementor-top-column elementor-element elementor-element-f29bc61\" data-id=\"f29bc61\" data-element_type=\"column\">\n\t\t\t<div class=\"elementor-widget-wrap elementor-element-populated\">\n\t\t\t\t\t\t<div class=\"elementor-element elementor-element-51f63a0 elementor-widget elementor-widget-heading\" data-id=\"51f63a0\" data-element_type=\"widget\" data-widget_type=\"heading.default\">\n\t\t\t\t<div class=\"elementor-widget-container\">\n\t\t\t\t\t<h2 class=\"elementor-heading-title elementor-size-default\">11.50-12.50<\/h2>\t\t\t\t<\/div>\n\t\t\t\t<\/div>\n\t\t\t\t<div class=\"elementor-element elementor-element-4bb9f9d elementor-widget__width-initial elementor-position-top elementor-widget elementor-widget-image-box\" data-id=\"4bb9f9d\" data-element_type=\"widget\" data-widget_type=\"image-box.default\">\n\t\t\t\t<div class=\"elementor-widget-container\">\n\t\t\t\t\t<div class=\"elementor-image-box-wrapper\"><figure class=\"elementor-image-box-img\"><img loading=\"lazy\" decoding=\"async\" width=\"400\" height=\"250\" src=\"https:\/\/easyfairsassets.com\/sites\/126\/2025\/06\/oceana.jpg\" class=\"attachment-full size-full wp-image-22728\" alt=\"\" srcset=\"https:\/\/easyfairsassets.com\/sites\/126\/2025\/06\/oceana.jpg 400w, https:\/\/easyfairsassets.com\/sites\/126\/2025\/06\/oceana-300x188.jpg 300w\" sizes=\"(max-width: 400px) 100vw, 400px\" \/><\/figure><div class=\"elementor-image-box-content\"><h3 class=\"elementor-image-box-title\">Lessons from the Oceana Fire: An Operational and Preventive Perspective<\/h3><p class=\"elementor-image-box-description\">Henning and Jon share insights from the tragic fire at Oceana-Liseberg on February 12, 2024. The presentation will focus on the work at the incident site, the challenges faced, and the lessons learned.  <br><br>Speakers: Henning Wall\u00e9n, Incident Commander, Greater Gothenburg Fire and Rescue Service, and Jon Pile, Damage Control Coordinator, Swedish Fire Protection Association<\/p><\/div><\/div>\t\t\t\t<\/div>\n\t\t\t\t<\/div>\n\t\t\t\t\t<\/div>\n\t\t<\/div>\n\t\t\t\t\t<\/div>\n\t\t<\/section>\n\t\t\t\t<section class=\"elementor-section elementor-top-section elementor-element elementor-element-c97de98 elementor-section-boxed elementor-section-height-default elementor-section-height-default\" data-id=\"c97de98\" data-element_type=\"section\" data-settings=\"{&quot;background_background&quot;:&quot;classic&quot;}\">\n\t\t\t\t\t\t<div class=\"elementor-container elementor-column-gap-default\">\n\t\t\t\t\t<div class=\"elementor-column elementor-col-100 elementor-top-column elementor-element elementor-element-fea5d42\" data-id=\"fea5d42\" data-element_type=\"column\" data-settings=\"{&quot;background_background&quot;:&quot;classic&quot;}\">\n\t\t\t<div class=\"elementor-widget-wrap elementor-element-populated\">\n\t\t\t\t\t\t<div class=\"elementor-element elementor-element-3aabec1 elementor-widget elementor-widget-spacer\" data-id=\"3aabec1\" data-element_type=\"widget\" data-widget_type=\"spacer.default\">\n\t\t\t\t<div class=\"elementor-widget-container\">\n\t\t\t\t\t\t\t<div class=\"elementor-spacer\">\n\t\t\t<div class=\"elementor-spacer-inner\"><\/div>\n\t\t<\/div>\n\t\t\t\t\t\t<\/div>\n\t\t\t\t<\/div>\n\t\t\t\t\t<\/div>\n\t\t<\/div>\n\t\t\t\t\t<\/div>\n\t\t<\/section>\n\t\t\t\t<\/div>\n\t\t","protected":false},"excerpt":{"rendered":"<p>Conference Property security Ahead of 2024, FastighetsM\u00e4ssan made a major investment in property security by launching an entirely new conference dedicated to safety around buildings. Security related to our properties is more important than ever, and as a property owner, this brings entirely new demands on you. The new world of property security is smart, [&hellip;]<\/p>\n","protected":false},"author":16,"featured_media":0,"parent":0,"menu_order":0,"comment_status":"closed","ping_status":"closed","template":"elementor_header_footer","meta":{"_seopress_robots_primary_cat":"","_seopress_titles_title":"Fastighetss\u00e4kerhet - FastighetsM\u00e4ssan G\u00f6teborg","_seopress_titles_desc":"Fastighetss\u00e4kerhet - FastighetsM\u00e4ssan G\u00f6teborg","_seopress_robots_index":"","footnotes":""},"class_list":["post-22832","page","type-page","status-publish","hentry"],"_links":{"self":[{"href":"https:\/\/www.fastighetsmassangbg.se\/en\/wp-json\/wp\/v2\/pages\/22832","targetHints":{"allow":["GET"]}}],"collection":[{"href":"https:\/\/www.fastighetsmassangbg.se\/en\/wp-json\/wp\/v2\/pages"}],"about":[{"href":"https:\/\/www.fastighetsmassangbg.se\/en\/wp-json\/wp\/v2\/types\/page"}],"author":[{"embeddable":true,"href":"https:\/\/www.fastighetsmassangbg.se\/en\/wp-json\/wp\/v2\/users\/16"}],"replies":[{"embeddable":true,"href":"https:\/\/www.fastighetsmassangbg.se\/en\/wp-json\/wp\/v2\/comments?post=22832"}],"version-history":[{"count":4,"href":"https:\/\/www.fastighetsmassangbg.se\/en\/wp-json\/wp\/v2\/pages\/22832\/revisions"}],"predecessor-version":[{"id":22856,"href":"https:\/\/www.fastighetsmassangbg.se\/en\/wp-json\/wp\/v2\/pages\/22832\/revisions\/22856"}],"wp:attachment":[{"href":"https:\/\/www.fastighetsmassangbg.se\/en\/wp-json\/wp\/v2\/media?parent=22832"}],"curies":[{"name":"wp","href":"https:\/\/api.w.org\/{rel}","templated":true}]}}