{"id":10542,"date":"2023-06-30T12:30:51","date_gmt":"2023-06-30T10:30:51","guid":{"rendered":"https:\/\/www.fastighetsmassangbg.se\/?page_id=10542"},"modified":"2025-09-16T14:35:14","modified_gmt":"2025-09-16T12:35:14","slug":"forvaltardagen","status":"publish","type":"page","link":"https:\/\/www.fastighetsmassangbg.se\/sv\/forvaltardagen\/","title":{"rendered":"F\u00f6rvaltardagen"},"content":{"rendered":"\t\t<div data-elementor-type=\"wp-page\" data-elementor-id=\"10542\" class=\"elementor elementor-10542\" data-elementor-post-type=\"page\">\n\t\t\t\t\t\t<section class=\"elementor-section elementor-top-section elementor-element elementor-element-66080fe elementor-section-boxed elementor-section-height-default elementor-section-height-default\" data-id=\"66080fe\" data-element_type=\"section\" data-settings=\"{&quot;background_background&quot;:&quot;classic&quot;}\">\n\t\t\t\t\t\t<div class=\"elementor-container elementor-column-gap-default\">\n\t\t\t\t\t<div class=\"elementor-column elementor-col-50 elementor-top-column elementor-element elementor-element-8df6653\" data-id=\"8df6653\" data-element_type=\"column\">\n\t\t\t<div class=\"elementor-widget-wrap elementor-element-populated\">\n\t\t\t\t\t\t<div class=\"elementor-element elementor-element-af89c08 elementor-widget elementor-widget-heading\" data-id=\"af89c08\" data-element_type=\"widget\" data-widget_type=\"heading.default\">\n\t\t\t\t<div class=\"elementor-widget-container\">\n\t\t\t\t\t<h3 class=\"elementor-heading-title elementor-size-default\">I samarbete med Vitec Fastighet<\/h3>\t\t\t\t<\/div>\n\t\t\t\t<\/div>\n\t\t\t\t<div class=\"elementor-element elementor-element-65a4ab1 elementor-widget elementor-widget-heading\" data-id=\"65a4ab1\" data-element_type=\"widget\" data-widget_type=\"heading.default\">\n\t\t\t\t<div class=\"elementor-widget-container\">\n\t\t\t\t\t<h1 class=\"elementor-heading-title elementor-size-default\">F\u00f6rvaltardagen<\/h1>\t\t\t\t<\/div>\n\t\t\t\t<\/div>\n\t\t\t\t<div class=\"elementor-element elementor-element-5ff16ff elementor-widget elementor-widget-heading\" data-id=\"5ff16ff\" data-element_type=\"widget\" data-widget_type=\"heading.default\">\n\t\t\t\t<div class=\"elementor-widget-container\">\n\t\t\t\t\t<h3 class=\"elementor-heading-title elementor-size-default\">Tid: 08.30-12.00 17 september<\/h3>\t\t\t\t<\/div>\n\t\t\t\t<\/div>\n\t\t\t\t<div class=\"elementor-element elementor-element-b1bebed elementor-widget elementor-widget-text-editor\" data-id=\"b1bebed\" data-element_type=\"widget\" data-widget_type=\"text-editor.default\">\n\t\t\t\t<div class=\"elementor-widget-container\">\n\t\t\t\t\t\t\t\t\t<p>F\u00f6rvaltardagen \u00e4r en halvdagskonferens med fokus p\u00e5 f\u00f6rvaltning. H\u00e4r m\u00f6ts spetskompetens genom inspirerande f\u00f6redrag, n\u00e4tverkande och aff\u00e4rsm\u00f6jligheter.<br \/>Konferensen g\u00f6rs tillsammans med branschledare och kombinerar m\u00e4ssa och f\u00f6rel\u00e4sningar f\u00f6r att ge dig som f\u00f6rvaltare, fastighetschef, h\u00e5llbarhetschef, CTO eller aff\u00e4rsf\u00f6rvaltare inspiration och kompetensutveckling.<\/p><p><strong>Det \u00e4r helt kostnadsfritt att delta p\u00e5 konferensen.<\/strong><\/p>\t\t\t\t\t\t\t\t<\/div>\n\t\t\t\t<\/div>\n\t\t\t\t<div class=\"elementor-element elementor-element-533d523 elementor-align-left elementor-widget elementor-widget-dynamic-button\" data-id=\"533d523\" data-element_type=\"widget\" data-widget_type=\"dynamic-button.default\">\n\t\t\t\t<div class=\"elementor-widget-container\">\n\t\t\t\t\t        <div class=\"elementor-button-wrapper\">\n            <a href=\"https:\/\/register.visitcloud.com\/survey\/39fq4dfkl00l2\" target=\"_blank\" class=\"elementor-button-link elementor-button elementor-size-sm elementor-animation-grow\" role=\"button\">\n                        <span class=\"elementor-button-content-wrapper\">\n\t\t\t\t\t\t<span class=\"elementor-button-text\">H\u00e4mta din biljett h\u00e4r<\/span>\n\t\t<\/span>\n                    <\/a>\n        <\/div>\n        \t\t\t\t<\/div>\n\t\t\t\t<\/div>\n\t\t\t\t\t<\/div>\n\t\t<\/div>\n\t\t\t\t<div class=\"elementor-column elementor-col-50 elementor-top-column elementor-element elementor-element-be62156\" data-id=\"be62156\" data-element_type=\"column\">\n\t\t\t<div class=\"elementor-widget-wrap elementor-element-populated\">\n\t\t\t\t\t\t<div class=\"elementor-element elementor-element-94a5a73 elementor-widget elementor-widget-image\" data-id=\"94a5a73\" data-element_type=\"widget\" data-widget_type=\"image.default\">\n\t\t\t\t<div class=\"elementor-widget-container\">\n\t\t\t\t\t\t\t\t\t\t\t\t\t\t\t<img fetchpriority=\"high\" decoding=\"async\" width=\"800\" height=\"571\" src=\"https:\/\/easyfairsassets.com\/sites\/126\/2025\/06\/EASYFAIRS-R-30-1024x731.jpg\" class=\"attachment-large size-large wp-image-22217\" alt=\"\" srcset=\"https:\/\/easyfairsassets.com\/sites\/126\/2025\/06\/EASYFAIRS-R-30-1024x731.jpg 1024w, https:\/\/easyfairsassets.com\/sites\/126\/2025\/06\/EASYFAIRS-R-30-300x214.jpg 300w, https:\/\/easyfairsassets.com\/sites\/126\/2025\/06\/EASYFAIRS-R-30-768x548.jpg 768w, https:\/\/easyfairsassets.com\/sites\/126\/2025\/06\/EASYFAIRS-R-30-1536x1097.jpg 1536w, https:\/\/easyfairsassets.com\/sites\/126\/2025\/06\/EASYFAIRS-R-30.jpg 1920w\" sizes=\"(max-width: 800px) 100vw, 800px\" \/>\t\t\t\t\t\t\t\t\t\t\t\t\t\t\t<\/div>\n\t\t\t\t<\/div>\n\t\t\t\t\t<\/div>\n\t\t<\/div>\n\t\t\t\t\t<\/div>\n\t\t<\/section>\n\t\t\t\t<section class=\"elementor-section elementor-top-section elementor-element elementor-element-bf880eb elementor-section-boxed elementor-section-height-default elementor-section-height-default\" data-id=\"bf880eb\" data-element_type=\"section\" data-settings=\"{&quot;background_background&quot;:&quot;classic&quot;}\">\n\t\t\t\t\t\t<div class=\"elementor-container elementor-column-gap-default\">\n\t\t\t\t\t<div class=\"elementor-column elementor-col-50 elementor-top-column elementor-element elementor-element-49bda2f\" data-id=\"49bda2f\" data-element_type=\"column\">\n\t\t\t<div class=\"elementor-widget-wrap elementor-element-populated\">\n\t\t\t\t\t\t<div class=\"elementor-element elementor-element-044fb79 elementor-widget elementor-widget-heading\" data-id=\"044fb79\" data-element_type=\"widget\" data-widget_type=\"heading.default\">\n\t\t\t\t<div class=\"elementor-widget-container\">\n\t\t\t\t\t<h1 class=\"elementor-heading-title elementor-size-default\">\u00c5rets moderator<\/h1>\t\t\t\t<\/div>\n\t\t\t\t<\/div>\n\t\t\t\t<div class=\"elementor-element elementor-element-292d2fd elementor-widget elementor-widget-image\" data-id=\"292d2fd\" data-element_type=\"widget\" data-widget_type=\"image.default\">\n\t\t\t\t<div class=\"elementor-widget-container\">\n\t\t\t\t\t\t\t\t\t\t\t\t\t\t\t<img decoding=\"async\" src=\"https:\/\/easyfairsassets.com\/sites\/126\/2025\/06\/pernilla-1.jpg\" title=\"pernilla\" alt=\"pernilla\" loading=\"lazy\" \/>\t\t\t\t\t\t\t\t\t\t\t\t\t\t\t<\/div>\n\t\t\t\t<\/div>\n\t\t\t\t\t<\/div>\n\t\t<\/div>\n\t\t\t\t<div class=\"elementor-column elementor-col-50 elementor-top-column elementor-element elementor-element-bbcb5ae\" data-id=\"bbcb5ae\" data-element_type=\"column\">\n\t\t\t<div class=\"elementor-widget-wrap elementor-element-populated\">\n\t\t\t\t\t\t<div class=\"elementor-element elementor-element-cb3e8d5 elementor-widget elementor-widget-heading\" data-id=\"cb3e8d5\" data-element_type=\"widget\" data-widget_type=\"heading.default\">\n\t\t\t\t<div class=\"elementor-widget-container\">\n\t\t\t\t\t<h2 class=\"elementor-heading-title elementor-size-default\">Pernilla Warberg<\/h2>\t\t\t\t<\/div>\n\t\t\t\t<\/div>\n\t\t\t\t<div class=\"elementor-element elementor-element-8d38c11 elementor-widget elementor-widget-text-editor\" data-id=\"8d38c11\" data-element_type=\"widget\" data-widget_type=\"text-editor.default\">\n\t\t\t\t<div class=\"elementor-widget-container\">\n\t\t\t\t\t\t\t\t\t<p>Med proffsigt och personligt som ledord \u00e4r Pernillas arbete och passion att vara l\u00e4nken i m\u00f6tet mellan publik och scen. Genom tidigare befattningar inom s\u00e5v\u00e4l offentlig verksamhet som privat n\u00e4ringsliv har Pernilla utvecklat sin roll p\u00e5 alla m\u00f6jliga scener.\u00a0<\/p>\t\t\t\t\t\t\t\t<\/div>\n\t\t\t\t<\/div>\n\t\t\t\t\t<\/div>\n\t\t<\/div>\n\t\t\t\t\t<\/div>\n\t\t<\/section>\n\t\t\t\t<section class=\"elementor-section elementor-top-section elementor-element elementor-element-7b65575 elementor-section-boxed elementor-section-height-default elementor-section-height-default\" data-id=\"7b65575\" data-element_type=\"section\">\n\t\t\t\t\t\t<div class=\"elementor-container elementor-column-gap-default\">\n\t\t\t\t\t<div class=\"elementor-column elementor-col-100 elementor-top-column elementor-element elementor-element-0d1f9b0\" data-id=\"0d1f9b0\" data-element_type=\"column\">\n\t\t\t<div class=\"elementor-widget-wrap elementor-element-populated\">\n\t\t\t\t\t\t<div class=\"elementor-element elementor-element-f63a1aa elementor-widget elementor-widget-heading\" data-id=\"f63a1aa\" data-element_type=\"widget\" data-widget_type=\"heading.default\">\n\t\t\t\t<div class=\"elementor-widget-container\">\n\t\t\t\t\t<h2 class=\"elementor-heading-title elementor-size-default\">Schema f\u00f6r konferensen 2025\n<\/h2>\t\t\t\t<\/div>\n\t\t\t\t<\/div>\n\t\t\t\t<div class=\"elementor-element elementor-element-84c552f elementor-widget elementor-widget-text-editor\" data-id=\"84c552f\" data-element_type=\"widget\" data-widget_type=\"text-editor.default\">\n\t\t\t\t<div class=\"elementor-widget-container\">\n\t\t\t\t\t\t\t\t\t<p><strong>08.30-09.00:<\/strong> Frukost\u00a0<br \/><strong>09.00-09.10:<\/strong> V\u00e4lkomna<br \/><strong>10.20-10.40:<\/strong> Paus &amp; mingel<br \/><strong>12.00-13.00:<\/strong> Lunch &amp; mingel<\/p>\t\t\t\t\t\t\t\t<\/div>\n\t\t\t\t<\/div>\n\t\t\t\t\t<\/div>\n\t\t<\/div>\n\t\t\t\t\t<\/div>\n\t\t<\/section>\n\t\t\t\t<section class=\"elementor-section elementor-top-section elementor-element elementor-element-180bfef elementor-section-boxed elementor-section-height-default elementor-section-height-default\" data-id=\"180bfef\" data-element_type=\"section\">\n\t\t\t\t\t\t<div class=\"elementor-container elementor-column-gap-default\">\n\t\t\t\t\t<div class=\"elementor-column elementor-col-25 elementor-top-column elementor-element elementor-element-7068825\" data-id=\"7068825\" data-element_type=\"column\">\n\t\t\t<div class=\"elementor-widget-wrap elementor-element-populated\">\n\t\t\t\t\t\t<div class=\"elementor-element elementor-element-8ca3cc9 elementor-widget elementor-widget-heading\" data-id=\"8ca3cc9\" data-element_type=\"widget\" data-widget_type=\"heading.default\">\n\t\t\t\t<div class=\"elementor-widget-container\">\n\t\t\t\t\t<h2 class=\"elementor-heading-title elementor-size-default\">09.10-09.45<\/h2>\t\t\t\t<\/div>\n\t\t\t\t<\/div>\n\t\t\t\t<div class=\"elementor-element elementor-element-d429a77 elementor-widget__width-initial elementor-position-top elementor-widget elementor-widget-image-box\" data-id=\"d429a77\" data-element_type=\"widget\" data-widget_type=\"image-box.default\">\n\t\t\t\t<div class=\"elementor-widget-container\">\n\t\t\t\t\t<div class=\"elementor-image-box-wrapper\"><figure class=\"elementor-image-box-img\"><img decoding=\"async\" width=\"833\" height=\"521\" src=\"https:\/\/easyfairsassets.com\/sites\/126\/2025\/05\/kristofer-2.jpg\" class=\"attachment-full size-full wp-image-21822\" alt=\"\" srcset=\"https:\/\/easyfairsassets.com\/sites\/126\/2025\/05\/kristofer-2.jpg 833w, https:\/\/easyfairsassets.com\/sites\/126\/2025\/05\/kristofer-2-300x188.jpg 300w, https:\/\/easyfairsassets.com\/sites\/126\/2025\/05\/kristofer-2-768x480.jpg 768w\" sizes=\"(max-width: 833px) 100vw, 833px\" \/><\/figure><div class=\"elementor-image-box-content\"><h3 class=\"elementor-image-box-title\">AI i praktiken: Fr\u00e5n vision till verklighet<\/h3><p class=\"elementor-image-box-description\">AI \u00e4r h\u00e4r f\u00f6r att f\u00f6r\u00e4ndra fastighetsbranschen. I detta f\u00f6redrag visar vi hur Vitec oms\u00e4tter innovation till praktisk nytta med AI-l\u00f6sningar som effektiviserar processer, f\u00f6rb\u00e4ttrar kundupplevelsen och \u00f6kar tillg\u00e4ngligheten. <br><br><strong>Talare: <\/strong>Kristofer Olsson, <i>Innovationsledare<\/i>, Vitec Fastighet<\/p><\/div><\/div>\t\t\t\t<\/div>\n\t\t\t\t<\/div>\n\t\t\t\t\t<\/div>\n\t\t<\/div>\n\t\t\t\t<div class=\"elementor-column elementor-col-25 elementor-top-column elementor-element elementor-element-303ccce\" data-id=\"303ccce\" data-element_type=\"column\">\n\t\t\t<div class=\"elementor-widget-wrap elementor-element-populated\">\n\t\t\t\t\t\t<div class=\"elementor-element elementor-element-6642033 elementor-widget elementor-widget-heading\" data-id=\"6642033\" data-element_type=\"widget\" data-widget_type=\"heading.default\">\n\t\t\t\t<div class=\"elementor-widget-container\">\n\t\t\t\t\t<h2 class=\"elementor-heading-title elementor-size-default\">09.45-10.20<\/h2>\t\t\t\t<\/div>\n\t\t\t\t<\/div>\n\t\t\t\t<div class=\"elementor-element elementor-element-cd12bf3 elementor-widget__width-initial elementor-position-top elementor-widget elementor-widget-image-box\" data-id=\"cd12bf3\" data-element_type=\"widget\" data-widget_type=\"image-box.default\">\n\t\t\t\t<div class=\"elementor-widget-container\">\n\t\t\t\t\t<div class=\"elementor-image-box-wrapper\"><figure class=\"elementor-image-box-img\"><img decoding=\"async\" width=\"400\" height=\"250\" src=\"https:\/\/easyfairsassets.com\/sites\/126\/2025\/09\/Craig-1.jpg\" class=\"attachment-full size-full wp-image-28655\" alt=\"\" srcset=\"https:\/\/easyfairsassets.com\/sites\/126\/2025\/09\/Craig-1.jpg 400w, https:\/\/easyfairsassets.com\/sites\/126\/2025\/09\/Craig-1-300x188.jpg 300w\" sizes=\"(max-width: 400px) 100vw, 400px\" \/><\/figure><div class=\"elementor-image-box-content\"><h3 class=\"elementor-image-box-title\">Cyberangrepp i                            praktiken<\/h3><p class=\"elementor-image-box-description\">Alla verksamheter har ett mycket stort IT-beroende och ett angrepp p\u00e5 IT-milj\u00f6n medf\u00f6r ofta f\u00f6r\u00f6dande konsekvenser f\u00f6r den drabbade verksamheten. Men vad inneb\u00e4r det egentligen - och hur kan man f\u00f6rbereda sig?<br> <br><strong>Talare: <\/strong>Craig Sumner, <i>Head of BA International \/ CSO <\/i> Murphy Solution<\/p><\/div><\/div>\t\t\t\t<\/div>\n\t\t\t\t<\/div>\n\t\t\t\t\t<\/div>\n\t\t<\/div>\n\t\t\t\t<div class=\"elementor-column elementor-col-25 elementor-top-column elementor-element elementor-element-3030c69\" data-id=\"3030c69\" data-element_type=\"column\">\n\t\t\t<div class=\"elementor-widget-wrap elementor-element-populated\">\n\t\t\t\t\t\t<div class=\"elementor-element elementor-element-9b31c4a elementor-widget elementor-widget-heading\" data-id=\"9b31c4a\" data-element_type=\"widget\" data-widget_type=\"heading.default\">\n\t\t\t\t<div class=\"elementor-widget-container\">\n\t\t\t\t\t<h2 class=\"elementor-heading-title elementor-size-default\">10.40-11.30<\/h2>\t\t\t\t<\/div>\n\t\t\t\t<\/div>\n\t\t\t\t<div class=\"elementor-element elementor-element-612c71c elementor-widget__width-initial elementor-position-top elementor-widget elementor-widget-image-box\" data-id=\"612c71c\" data-element_type=\"widget\" data-widget_type=\"image-box.default\">\n\t\t\t\t<div class=\"elementor-widget-container\">\n\t\t\t\t\t<div class=\"elementor-image-box-wrapper\"><figure class=\"elementor-image-box-img\"><img loading=\"lazy\" decoding=\"async\" width=\"833\" height=\"521\" src=\"https:\/\/easyfairsassets.com\/sites\/126\/2025\/06\/Panel.jpg\" class=\"attachment-full size-full wp-image-22478\" alt=\"\" srcset=\"https:\/\/easyfairsassets.com\/sites\/126\/2025\/06\/Panel.jpg 833w, https:\/\/easyfairsassets.com\/sites\/126\/2025\/06\/Panel-300x188.jpg 300w, https:\/\/easyfairsassets.com\/sites\/126\/2025\/06\/Panel-768x480.jpg 768w\" sizes=\"(max-width: 833px) 100vw, 833px\" \/><\/figure><div class=\"elementor-image-box-content\"><h3 class=\"elementor-image-box-title\">Panel: Olovlig andrahandsuthyrning - en v\u00e4xande utmaning<\/h3><p class=\"elementor-image-box-description\">Olovlig andrahandsuthyrning \u00e4r ett \u00f6kande problem som p\u00e5verkar tryggheten, ekonomin och r\u00e4ttvisan i bostadssektorn. Under denna panel lyfter vi fr\u00e5gan ur flera perspektiv \u2013 fr\u00e5n boende och fastighets\u00e4gare till lagstiftning och brottsf\u00f6rebyggande arbete.<br><br><b>Talare:<\/b> \n- Annika \u00d6by,<i> Uthyrningschef<\/i>, G\u00e5rdstensbost\u00e4der Fastighets\u00e4garna\n- \u00c5sa Schelin, <i>Expert boendefr\u00e5gor<\/i>, Fastighet &amp; H\u00e5llbarhet p\u00e5 Sveriges Allm\u00e4nnytta\n- Joel Jacobsson, <i>Jurist<\/i>, Fastighets\u00e4garna<\/p><\/div><\/div>\t\t\t\t<\/div>\n\t\t\t\t<\/div>\n\t\t\t\t\t<\/div>\n\t\t<\/div>\n\t\t\t\t<div class=\"elementor-column elementor-col-25 elementor-top-column elementor-element elementor-element-e2a0398\" data-id=\"e2a0398\" data-element_type=\"column\">\n\t\t\t<div class=\"elementor-widget-wrap elementor-element-populated\">\n\t\t\t\t\t\t<div class=\"elementor-element elementor-element-a75524d elementor-widget elementor-widget-heading\" data-id=\"a75524d\" data-element_type=\"widget\" data-widget_type=\"heading.default\">\n\t\t\t\t<div class=\"elementor-widget-container\">\n\t\t\t\t\t<h2 class=\"elementor-heading-title elementor-size-default\">11.30-12.00<\/h2>\t\t\t\t<\/div>\n\t\t\t\t<\/div>\n\t\t\t\t<div class=\"elementor-element elementor-element-dcab34f elementor-widget__width-initial elementor-position-top elementor-widget elementor-widget-image-box\" data-id=\"dcab34f\" data-element_type=\"widget\" data-widget_type=\"image-box.default\">\n\t\t\t\t<div class=\"elementor-widget-container\">\n\t\t\t\t\t<div class=\"elementor-image-box-wrapper\"><figure class=\"elementor-image-box-img\"><img loading=\"lazy\" decoding=\"async\" width=\"400\" height=\"250\" src=\"https:\/\/easyfairsassets.com\/sites\/126\/2025\/09\/lisa.jpg\" class=\"attachment-full size-full wp-image-27501\" alt=\"\" srcset=\"https:\/\/easyfairsassets.com\/sites\/126\/2025\/09\/lisa.jpg 400w, https:\/\/easyfairsassets.com\/sites\/126\/2025\/09\/lisa-300x188.jpg 300w\" sizes=\"(max-width: 400px) 100vw, 400px\" \/><\/figure><div class=\"elementor-image-box-content\"><h3 class=\"elementor-image-box-title\">Energieffektivisering \u2013 energisystemets dolda resurs<\/h3><p class=\"elementor-image-box-description\">Energieffektivisering kan spara b\u00e5de energi och pengar, \u00e4nd\u00e5 \u00e4r det m\u00e5nga \u00e5tg\u00e4rder som aldrig genomf\u00f6rs. Varf\u00f6r \u00e4r det s\u00e5, och kan omv\u00e4nda auktioner \u00e4ndra p\u00e5 saken?<br><br><b>Talare:<\/b> Lisa L\u00f6fving, <i>Chef Strategisk forskning och aff\u00e4rsutveckling<\/i>, RISE<\/p><\/div><\/div>\t\t\t\t<\/div>\n\t\t\t\t<\/div>\n\t\t\t\t\t<\/div>\n\t\t<\/div>\n\t\t\t\t\t<\/div>\n\t\t<\/section>\n\t\t\t\t<section class=\"elementor-section elementor-top-section elementor-element elementor-element-f05ef29 elementor-section-boxed elementor-section-height-default elementor-section-height-default\" data-id=\"f05ef29\" data-element_type=\"section\" data-settings=\"{&quot;background_background&quot;:&quot;classic&quot;}\">\n\t\t\t\t\t\t<div class=\"elementor-container elementor-column-gap-default\">\n\t\t\t\t\t<div class=\"elementor-column elementor-col-100 elementor-top-column elementor-element elementor-element-3a8dbf3\" data-id=\"3a8dbf3\" data-element_type=\"column\" data-settings=\"{&quot;background_background&quot;:&quot;classic&quot;}\">\n\t\t\t<div class=\"elementor-widget-wrap elementor-element-populated\">\n\t\t\t\t\t\t<div class=\"elementor-element elementor-element-a5ce98d elementor-widget elementor-widget-spacer\" data-id=\"a5ce98d\" data-element_type=\"widget\" data-widget_type=\"spacer.default\">\n\t\t\t\t<div class=\"elementor-widget-container\">\n\t\t\t\t\t\t\t<div class=\"elementor-spacer\">\n\t\t\t<div class=\"elementor-spacer-inner\"><\/div>\n\t\t<\/div>\n\t\t\t\t\t\t<\/div>\n\t\t\t\t<\/div>\n\t\t\t\t\t<\/div>\n\t\t<\/div>\n\t\t\t\t\t<\/div>\n\t\t<\/section>\n\t\t\t\t<\/div>\n\t\t","protected":false},"excerpt":{"rendered":"<p>I samarbete med Vitec Fastighet F\u00f6rvaltardagen Tid: 08.30-12.00 17 september F\u00f6rvaltardagen \u00e4r en halvdagskonferens med fokus p\u00e5 f\u00f6rvaltning. H\u00e4r m\u00f6ts spetskompetens genom inspirerande f\u00f6redrag, n\u00e4tverkande och aff\u00e4rsm\u00f6jligheter.Konferensen g\u00f6rs tillsammans med branschledare och kombinerar m\u00e4ssa och f\u00f6rel\u00e4sningar f\u00f6r att ge dig som f\u00f6rvaltare, fastighetschef, h\u00e5llbarhetschef, CTO eller aff\u00e4rsf\u00f6rvaltare inspiration och kompetensutveckling. Det \u00e4r helt kostnadsfritt att [&hellip;]<\/p>\n","protected":false},"author":860,"featured_media":0,"parent":0,"menu_order":0,"comment_status":"closed","ping_status":"closed","template":"","meta":{"_seopress_robots_primary_cat":"","_seopress_titles_title":"F\u00f6rvaltardagen - FastighetsM\u00e4ssan G\u00f6teborg","_seopress_titles_desc":"V\u00e4lkommen till F\u00f6rvaltardagen! Efter en fullsatt premi\u00e4r i Stockholm f\u00f6rst\u00e4rker konceptet riktningen mot f\u00f6rvaltare \u00e4ven i G\u00f6teborg under m\u00e4ssan den 17 september 2025.","_seopress_robots_index":"","footnotes":""},"class_list":["post-10542","page","type-page","status-publish","hentry"],"_links":{"self":[{"href":"https:\/\/www.fastighetsmassangbg.se\/sv\/wp-json\/wp\/v2\/pages\/10542","targetHints":{"allow":["GET"]}}],"collection":[{"href":"https:\/\/www.fastighetsmassangbg.se\/sv\/wp-json\/wp\/v2\/pages"}],"about":[{"href":"https:\/\/www.fastighetsmassangbg.se\/sv\/wp-json\/wp\/v2\/types\/page"}],"author":[{"embeddable":true,"href":"https:\/\/www.fastighetsmassangbg.se\/sv\/wp-json\/wp\/v2\/users\/860"}],"replies":[{"embeddable":true,"href":"https:\/\/www.fastighetsmassangbg.se\/sv\/wp-json\/wp\/v2\/comments?post=10542"}],"version-history":[{"count":5,"href":"https:\/\/www.fastighetsmassangbg.se\/sv\/wp-json\/wp\/v2\/pages\/10542\/revisions"}],"predecessor-version":[{"id":28660,"href":"https:\/\/www.fastighetsmassangbg.se\/sv\/wp-json\/wp\/v2\/pages\/10542\/revisions\/28660"}],"wp:attachment":[{"href":"https:\/\/www.fastighetsmassangbg.se\/sv\/wp-json\/wp\/v2\/media?parent=10542"}],"curies":[{"name":"wp","href":"https:\/\/api.w.org\/{rel}","templated":true}]}}