{"id":20027,"date":"2025-03-24T14:09:26","date_gmt":"2025-03-24T13:09:26","guid":{"rendered":"https:\/\/www.fastighetsmassangbg.se\/?page_id=20027"},"modified":"2025-07-02T11:19:06","modified_gmt":"2025-07-02T09:19:06","slug":"hbv-torget","status":"publish","type":"page","link":"https:\/\/www.fastighetsmassangbg.se\/sv\/hbv-torget\/","title":{"rendered":"HBV-torget"},"content":{"rendered":"\t\t<div data-elementor-type=\"wp-page\" data-elementor-id=\"20027\" class=\"elementor elementor-20027\" data-elementor-post-type=\"page\">\n\t\t\t\t\t\t<section class=\"elementor-section elementor-top-section elementor-element elementor-element-bcc134c elementor-section-boxed elementor-section-height-default elementor-section-height-default\" data-id=\"bcc134c\" data-element_type=\"section\">\n\t\t\t\t\t\t<div class=\"elementor-container elementor-column-gap-default\">\n\t\t\t\t\t<div class=\"elementor-column elementor-col-50 elementor-top-column elementor-element elementor-element-0176e14\" data-id=\"0176e14\" data-element_type=\"column\">\n\t\t\t<div class=\"elementor-widget-wrap elementor-element-populated\">\n\t\t\t\t\t\t<div class=\"elementor-element elementor-element-90b3679 elementor-widget elementor-widget-image\" data-id=\"90b3679\" data-element_type=\"widget\" data-widget_type=\"image.default\">\n\t\t\t\t<div class=\"elementor-widget-container\">\n\t\t\t\t\t\t\t\t\t\t\t\t\t\t\t<img fetchpriority=\"high\" decoding=\"async\" width=\"300\" height=\"300\" src=\"https:\/\/easyfairsassets.com\/sites\/126\/2025\/03\/hbv-300x300-1.png\" class=\"attachment-large size-large wp-image-20031\" alt=\"\" srcset=\"https:\/\/easyfairsassets.com\/sites\/126\/2025\/03\/hbv-300x300-1.png 300w, https:\/\/easyfairsassets.com\/sites\/126\/2025\/03\/hbv-300x300-1-150x150.png 150w\" sizes=\"(max-width: 300px) 100vw, 300px\" \/>\t\t\t\t\t\t\t\t\t\t\t\t\t\t\t<\/div>\n\t\t\t\t<\/div>\n\t\t\t\t\t<\/div>\n\t\t<\/div>\n\t\t\t\t<div class=\"elementor-column elementor-col-50 elementor-top-column elementor-element elementor-element-26f5e97\" data-id=\"26f5e97\" data-element_type=\"column\">\n\t\t\t<div class=\"elementor-widget-wrap elementor-element-populated\">\n\t\t\t\t\t\t<div class=\"elementor-element elementor-element-afd2890 elementor-widget elementor-widget-heading\" data-id=\"afd2890\" data-element_type=\"widget\" data-widget_type=\"heading.default\">\n\t\t\t\t<div class=\"elementor-widget-container\">\n\t\t\t\t\t<h1 class=\"elementor-heading-title elementor-size-default\">HBV-torget<\/h1>\t\t\t\t<\/div>\n\t\t\t\t<\/div>\n\t\t\t\t<div class=\"elementor-element elementor-element-759ff1f elementor-widget elementor-widget-text-editor\" data-id=\"759ff1f\" data-element_type=\"widget\" data-widget_type=\"text-editor.default\">\n\t\t\t\t<div class=\"elementor-widget-container\">\n\t\t\t\t\t\t\t\t\tI samarbete med HBV f\u00e5r du som medlem i HBV ett f\u00f6rm\u00e5nligt erbjudande i ditt deltagande p\u00e5 FastighetsM\u00e4ssan G\u00f6teborg. HBV-torget p\u00e5 m\u00e4ssan \u00e4r en gemensam yta f\u00f6r HBV-leverant\u00f6rer s\u00e5 passa p\u00e5 att haffa en plats d\u00e4r du kan n\u00e4tverka med branschkollegor och boosta aff\u00e4rerna med h\u00f6gkvalitativa leads. I monterpaketet ing\u00e5r tv\u00e5 stolar, ett bord, matta, eluttag 230V, spotlights och st\u00e4dning. Erbjudandet g\u00e5r inte att kombinera med andra erbjudanden p\u00e5 FastighetsM\u00e4ssan. F\u00f6r att nyttja erbjudandet beh\u00f6ver du ha ett giltigt avtal med HBV. Kontakta oss nedan f\u00f6r information kring pris eller om du har n\u00e5gra andra fr\u00e5gor g\u00e4llande erbjudandet.\t\t\t\t\t\t\t\t<\/div>\n\t\t\t\t<\/div>\n\t\t\t\t\t<\/div>\n\t\t<\/div>\n\t\t\t\t\t<\/div>\n\t\t<\/section>\n\t\t\t\t<section class=\"elementor-section elementor-top-section elementor-element elementor-element-2eea8ab elementor-section-boxed elementor-section-height-default elementor-section-height-default\" data-id=\"2eea8ab\" data-element_type=\"section\" data-settings=\"{&quot;background_background&quot;:&quot;classic&quot;}\">\n\t\t\t\t\t\t<div class=\"elementor-container elementor-column-gap-default\">\n\t\t\t\t\t<div class=\"elementor-column elementor-col-100 elementor-top-column elementor-element elementor-element-aa4401c\" data-id=\"aa4401c\" data-element_type=\"column\">\n\t\t\t<div class=\"elementor-widget-wrap elementor-element-populated\">\n\t\t\t\t\t\t<div class=\"elementor-element elementor-element-4994e71 elementor-widget elementor-widget-heading\" data-id=\"4994e71\" data-element_type=\"widget\" data-widget_type=\"heading.default\">\n\t\t\t\t<div class=\"elementor-widget-container\">\n\t\t\t\t\t<h2 class=\"elementor-heading-title elementor-size-default\">\u00c4r du intresserad?<\/h2>\t\t\t\t<\/div>\n\t\t\t\t<\/div>\n\t\t\t\t<div class=\"elementor-element elementor-element-cc6b71d elementor-button-align-start elementor-widget elementor-widget-form\" data-id=\"cc6b71d\" data-element_type=\"widget\" data-settings=\"{&quot;step_next_label&quot;:&quot;Next&quot;,&quot;step_previous_label&quot;:&quot;Previous&quot;,&quot;button_width&quot;:&quot;100&quot;,&quot;step_type&quot;:&quot;number_text&quot;,&quot;step_icon_shape&quot;:&quot;circle&quot;}\" data-widget_type=\"form.default\">\n\t\t\t\t<div class=\"elementor-widget-container\">\n\t\t\t\t\t\t\t<form class=\"elementor-form\" method=\"post\" name=\"New Form\" aria-label=\"New Form\">\n\t\t\t<input type=\"hidden\" name=\"post_id\" value=\"20027\"\/>\n\t\t\t<input type=\"hidden\" name=\"form_id\" value=\"cc6b71d\"\/>\n\t\t\t<input type=\"hidden\" name=\"referer_title\" value=\"\" \/>\n\n\t\t\t\n\t\t\t<div class=\"elementor-form-fields-wrapper elementor-labels-above\">\n\t\t\t\t\t\t\t\t<div class=\"elementor-field-type-text elementor-field-group elementor-column elementor-field-group-name elementor-col-50 elementor-field-required\">\n\t\t\t\t\t\t\t\t\t\t\t\t\t<input size=\"1\" type=\"text\" name=\"form_fields[name]\" id=\"form-field-name\" class=\"elementor-field elementor-size-sm  elementor-field-textual\" placeholder=\"Namn\" required=\"required\">\n\t\t\t\t\t\t\t\t\t\t\t<\/div>\n\t\t\t\t\t\t\t\t<div class=\"elementor-field-type-text elementor-field-group elementor-column elementor-field-group-field_f97a246 elementor-col-50 elementor-field-required\">\n\t\t\t\t\t\t\t\t\t\t\t\t\t<input size=\"1\" type=\"text\" name=\"form_fields[field_f97a246]\" id=\"form-field-field_f97a246\" class=\"elementor-field elementor-size-sm  elementor-field-textual\" placeholder=\"Efternamn\" required=\"required\">\n\t\t\t\t\t\t\t\t\t\t\t<\/div>\n\t\t\t\t\t\t\t\t<div class=\"elementor-field-type-email elementor-field-group elementor-column elementor-field-group-field_ac17b11 elementor-col-50 elementor-field-required\">\n\t\t\t\t\t\t\t\t\t\t\t\t\t<input size=\"1\" type=\"email\" name=\"form_fields[field_ac17b11]\" id=\"form-field-field_ac17b11\" class=\"elementor-field elementor-size-sm  elementor-field-textual\" placeholder=\"E-post\" required=\"required\">\n\t\t\t\t\t\t\t\t\t\t\t<\/div>\n\t\t\t\t\t\t\t\t<div class=\"elementor-field-type-tel elementor-field-group elementor-column elementor-field-group-field_da8734a elementor-col-50\">\n\t\t\t\t\t\t\t<input size=\"1\" type=\"tel\" name=\"form_fields[field_da8734a]\" id=\"form-field-field_da8734a\" class=\"elementor-field elementor-size-sm  elementor-field-textual\" placeholder=\"Tel\" pattern=\"[0-9()#&amp;+*-=.]+\" title=\"Only numbers and phone characters (#, -, *, etc) are accepted.\">\n\n\t\t\t\t\t\t<\/div>\n\t\t\t\t\t\t\t\t<div class=\"elementor-field-type-text elementor-field-group elementor-column elementor-field-group-field_b0ca460 elementor-col-100 elementor-field-required\">\n\t\t\t\t\t\t\t\t\t\t\t\t\t<input size=\"1\" type=\"text\" name=\"form_fields[field_b0ca460]\" id=\"form-field-field_b0ca460\" class=\"elementor-field elementor-size-sm  elementor-field-textual\" placeholder=\"F\u00f6retagsnamn\" required=\"required\">\n\t\t\t\t\t\t\t\t\t\t\t<\/div>\n\t\t\t\t\t\t\t\t<div class=\"elementor-field-type-textarea elementor-field-group elementor-column elementor-field-group-field_2accccb elementor-col-100\">\n\t\t\t\t\t<textarea class=\"elementor-field-textual elementor-field  elementor-size-sm\" name=\"form_fields[field_2accccb]\" id=\"form-field-field_2accccb\" rows=\"4\" placeholder=\"Fr\u00e5gor eller \u00f6nskem\u00e5l\"><\/textarea>\t\t\t\t<\/div>\n\t\t\t\t\t\t\t\t<div class=\"elementor-field-type-recaptcha_v3 elementor-field-group elementor-column elementor-field-group-field_7089fbe elementor-col-100 recaptcha_v3-inline\">\n\t\t\t\t\t<div class=\"elementor-field\" id=\"form-field-field_7089fbe\"><div class=\"elementor-g-recaptcha\" data-sitekey=\"6LdQvPIUAAAAAEeFL7ejZ4GGx4MbOEa18s3-Zb6q\" data-type=\"v3\" data-action=\"Form\" data-badge=\"inline\" data-size=\"invisible\"><\/div><\/div>\t\t\t\t<\/div>\n\t\t\t\t\t\t\t\t<div class=\"elementor-field-group elementor-column elementor-field-type-submit elementor-col-100 e-form__buttons\">\n\t\t\t\t\t<button class=\"elementor-button elementor-size-sm\" type=\"submit\">\n\t\t\t\t\t\t<span class=\"elementor-button-content-wrapper\">\n\t\t\t\t\t\t\t\t\t\t\t\t\t\t\t\t\t\t\t\t\t\t<span class=\"elementor-button-text\">Skicka<\/span>\n\t\t\t\t\t\t\t\t\t\t\t\t\t<\/span>\n\t\t\t\t\t<\/button>\n\t\t\t\t<\/div>\n\t\t\t<\/div>\n\t\t<\/form>\n\t\t\t\t\t\t<\/div>\n\t\t\t\t<\/div>\n\t\t\t\t<div class=\"elementor-element elementor-element-ed575cb elementor-widget elementor-widget-text-editor\" data-id=\"ed575cb\" data-element_type=\"widget\" data-widget_type=\"text-editor.default\">\n\t\t\t\t<div class=\"elementor-widget-container\">\n\t\t\t\t\t\t\t\t\t<p>Genom att prenumerera samtycker jag till att ta emot kampanjer fr\u00e5n Fastighetsm\u00e4ssan i enlighet med<a href=\"https:\/\/www.easyfairs.com\/privacy-policy\/sweden-swedish\/\"> integritetspolicyn<\/a><\/p>\t\t\t\t\t\t\t\t<\/div>\n\t\t\t\t<\/div>\n\t\t\t\t\t<\/div>\n\t\t<\/div>\n\t\t\t\t\t<\/div>\n\t\t<\/section>\n\t\t\t\t<\/div>\n\t\t","protected":false},"excerpt":{"rendered":"<p>HBV-torget I samarbete med HBV f\u00e5r du som medlem i HBV ett f\u00f6rm\u00e5nligt erbjudande i ditt deltagande p\u00e5 FastighetsM\u00e4ssan G\u00f6teborg. HBV-torget p\u00e5 m\u00e4ssan \u00e4r en gemensam yta f\u00f6r HBV-leverant\u00f6rer s\u00e5 passa p\u00e5 att haffa en plats d\u00e4r du kan n\u00e4tverka med branschkollegor och boosta aff\u00e4rerna med h\u00f6gkvalitativa leads. I monterpaketet ing\u00e5r tv\u00e5 stolar, ett bord, [&hellip;]<\/p>\n","protected":false},"author":1294,"featured_media":0,"parent":0,"menu_order":0,"comment_status":"closed","ping_status":"closed","template":"","meta":{"_seopress_robots_primary_cat":"","_seopress_titles_title":"HBV-torget | FastighetsM\u00e4ssan | G\u00f6teborg","_seopress_titles_desc":"","_seopress_robots_index":"","footnotes":""},"class_list":["post-20027","page","type-page","status-publish","hentry"],"_links":{"self":[{"href":"https:\/\/www.fastighetsmassangbg.se\/sv\/wp-json\/wp\/v2\/pages\/20027","targetHints":{"allow":["GET"]}}],"collection":[{"href":"https:\/\/www.fastighetsmassangbg.se\/sv\/wp-json\/wp\/v2\/pages"}],"about":[{"href":"https:\/\/www.fastighetsmassangbg.se\/sv\/wp-json\/wp\/v2\/types\/page"}],"author":[{"embeddable":true,"href":"https:\/\/www.fastighetsmassangbg.se\/sv\/wp-json\/wp\/v2\/users\/1294"}],"replies":[{"embeddable":true,"href":"https:\/\/www.fastighetsmassangbg.se\/sv\/wp-json\/wp\/v2\/comments?post=20027"}],"version-history":[{"count":5,"href":"https:\/\/www.fastighetsmassangbg.se\/sv\/wp-json\/wp\/v2\/pages\/20027\/revisions"}],"predecessor-version":[{"id":23801,"href":"https:\/\/www.fastighetsmassangbg.se\/sv\/wp-json\/wp\/v2\/pages\/20027\/revisions\/23801"}],"wp:attachment":[{"href":"https:\/\/www.fastighetsmassangbg.se\/sv\/wp-json\/wp\/v2\/media?parent=20027"}],"curies":[{"name":"wp","href":"https:\/\/api.w.org\/{rel}","templated":true}]}}