{"id":22688,"date":"2025-06-10T13:44:55","date_gmt":"2025-06-10T11:44:55","guid":{"rendered":"https:\/\/www.fastighetsmassangbg.se\/?page_id=22688"},"modified":"2025-08-29T11:17:27","modified_gmt":"2025-08-29T09:17:27","slug":"fastighetssakerhet","status":"publish","type":"page","link":"https:\/\/www.fastighetsmassangbg.se\/sv\/fastighetssakerhet\/","title":{"rendered":"Fastighetss\u00e4kerhet"},"content":{"rendered":"\t\t<div data-elementor-type=\"wp-page\" data-elementor-id=\"22688\" class=\"elementor elementor-22688\" data-elementor-post-type=\"page\">\n\t\t\t\t\t\t<section class=\"elementor-section elementor-top-section elementor-element elementor-element-6286f09 elementor-reverse-mobile elementor-section-boxed elementor-section-height-default elementor-section-height-default\" data-id=\"6286f09\" data-element_type=\"section\" data-settings=\"{&quot;background_background&quot;:&quot;classic&quot;}\">\n\t\t\t\t\t\t<div class=\"elementor-container elementor-column-gap-default\">\n\t\t\t\t\t<div class=\"elementor-column elementor-col-50 elementor-top-column elementor-element elementor-element-087f030\" data-id=\"087f030\" data-element_type=\"column\">\n\t\t\t<div class=\"elementor-widget-wrap elementor-element-populated\">\n\t\t\t\t\t\t<div class=\"elementor-element elementor-element-7be4d02 elementor-widget elementor-widget-heading\" data-id=\"7be4d02\" data-element_type=\"widget\" data-widget_type=\"heading.default\">\n\t\t\t\t<div class=\"elementor-widget-container\">\n\t\t\t\t\t<h2 class=\"elementor-heading-title elementor-size-default\">I samarbete med S\u00e4kerhetsbranschen<\/h2>\t\t\t\t<\/div>\n\t\t\t\t<\/div>\n\t\t\t\t<div class=\"elementor-element elementor-element-440d946 elementor-widget elementor-widget-heading\" data-id=\"440d946\" data-element_type=\"widget\" data-widget_type=\"heading.default\">\n\t\t\t\t<div class=\"elementor-widget-container\">\n\t\t\t\t\t<h1 class=\"elementor-heading-title elementor-size-default\">Fastighetss\u00e4kerhet<\/h1>\t\t\t\t<\/div>\n\t\t\t\t<\/div>\n\t\t\t\t<div class=\"elementor-element elementor-element-967bab5 elementor-widget elementor-widget-text-editor\" data-id=\"967bab5\" data-element_type=\"widget\" data-widget_type=\"text-editor.default\">\n\t\t\t\t<div class=\"elementor-widget-container\">\n\t\t\t\t\t\t\t\t\t<p>Inf\u00f6r 2024 gjorde FastighetsM\u00e4ssan en st\u00f6rre satsning p\u00e5 fastighetss\u00e4kerhet genom en helt ny konferens dedikerad till s\u00e4kerhet kring fastigheten.<\/p><p>S\u00e4kerhet kopplat till v\u00e5ra fastigheter \u00e4r viktigare \u00e4n n\u00e5gonsin och som fastighets\u00e4gare st\u00e4ller det helt nya krav p\u00e5 dig. Den nya v\u00e4rlden av fastighetss\u00e4kerhet \u00e4r smart, uppkopplad och det st\u00e4lls nya krav fr\u00e5n hyresg\u00e4ster i helt annan utstr\u00e4ckning \u00e4n innan. Konferensen kommer ber\u00f6ra flera delar inom fastighetss\u00e4kerhet som erbjuder dig ny kunskap, inspiration och kompetens f\u00f6r det som komma skall inom omr\u00e5det. <br \/><br \/><strong>Konferensen riktar sig fr\u00e4mst till fastighets\u00e4gare, s\u00e4kerhetschefer, driftchefer och tekniska chefer. Det \u00e4r helt kostnadsfritt att delta.<\/strong><\/p>\t\t\t\t\t\t\t\t<\/div>\n\t\t\t\t<\/div>\n\t\t\t\t<div class=\"elementor-element elementor-element-176c658 elementor-align-left elementor-widget elementor-widget-dynamic-button\" data-id=\"176c658\" data-element_type=\"widget\" data-widget_type=\"dynamic-button.default\">\n\t\t\t\t<div class=\"elementor-widget-container\">\n\t\t\t\t\t        <div class=\"elementor-button-wrapper\">\n            <a href=\"https:\/\/register.visitcloud.com\/survey\/3eifg2e7ai1go\" target=\"_blank\" class=\"elementor-button-link elementor-button elementor-size-sm elementor-animation-grow\" role=\"button\">\n                        <span class=\"elementor-button-content-wrapper\">\n\t\t\t\t\t\t<span class=\"elementor-button-text\">H\u00e4mta din biljett h\u00e4r!<\/span>\n\t\t<\/span>\n                    <\/a>\n        <\/div>\n        \t\t\t\t<\/div>\n\t\t\t\t<\/div>\n\t\t\t\t\t<\/div>\n\t\t<\/div>\n\t\t\t\t<div class=\"elementor-column elementor-col-50 elementor-top-column elementor-element elementor-element-ba0e147\" data-id=\"ba0e147\" data-element_type=\"column\">\n\t\t\t<div class=\"elementor-widget-wrap elementor-element-populated\">\n\t\t\t\t\t\t<div class=\"elementor-element elementor-element-edfd548 elementor-widget elementor-widget-image\" data-id=\"edfd548\" data-element_type=\"widget\" data-widget_type=\"image.default\">\n\t\t\t\t<div class=\"elementor-widget-container\">\n\t\t\t\t\t\t\t\t\t\t\t\t\t\t\t<img fetchpriority=\"high\" decoding=\"async\" width=\"600\" height=\"431\" src=\"https:\/\/easyfairsassets.com\/sites\/126\/2025\/06\/Fastighetsmassan-Mingel-37.jpg\" class=\"attachment-large size-large wp-image-22701\" alt=\"\" srcset=\"https:\/\/easyfairsassets.com\/sites\/126\/2025\/06\/Fastighetsmassan-Mingel-37.jpg 600w, https:\/\/easyfairsassets.com\/sites\/126\/2025\/06\/Fastighetsmassan-Mingel-37-300x216.jpg 300w\" sizes=\"(max-width: 600px) 100vw, 600px\" \/>\t\t\t\t\t\t\t\t\t\t\t\t\t\t\t<\/div>\n\t\t\t\t<\/div>\n\t\t\t\t\t<\/div>\n\t\t<\/div>\n\t\t\t\t\t<\/div>\n\t\t<\/section>\n\t\t\t\t<section class=\"elementor-section elementor-top-section elementor-element elementor-element-7398a28 elementor-section-boxed elementor-section-height-default elementor-section-height-default\" data-id=\"7398a28\" data-element_type=\"section\" data-settings=\"{&quot;background_background&quot;:&quot;classic&quot;}\">\n\t\t\t\t\t\t<div class=\"elementor-container elementor-column-gap-default\">\n\t\t\t\t\t<div class=\"elementor-column elementor-col-50 elementor-top-column elementor-element elementor-element-9ea7946\" data-id=\"9ea7946\" data-element_type=\"column\">\n\t\t\t<div class=\"elementor-widget-wrap elementor-element-populated\">\n\t\t\t\t\t\t<div class=\"elementor-element elementor-element-aeca2a8 elementor-widget elementor-widget-image\" data-id=\"aeca2a8\" data-element_type=\"widget\" data-widget_type=\"image.default\">\n\t\t\t\t<div class=\"elementor-widget-container\">\n\t\t\t\t\t\t\t\t\t\t\t\t\t\t\t<img decoding=\"async\" src=\"https:\/\/easyfairsassets.com\/sites\/126\/2025\/06\/pernilla-1.jpg\" title=\"pernilla\" alt=\"pernilla\" loading=\"lazy\" \/>\t\t\t\t\t\t\t\t\t\t\t\t\t\t\t<\/div>\n\t\t\t\t<\/div>\n\t\t\t\t<div class=\"elementor-element elementor-element-8699736 elementor-widget elementor-widget-heading\" data-id=\"8699736\" data-element_type=\"widget\" data-widget_type=\"heading.default\">\n\t\t\t\t<div class=\"elementor-widget-container\">\n\t\t\t\t\t<h2 class=\"elementor-heading-title elementor-size-default\">Moderator<\/h2>\t\t\t\t<\/div>\n\t\t\t\t<\/div>\n\t\t\t\t<div class=\"elementor-element elementor-element-09f8644 elementor-widget elementor-widget-text-editor\" data-id=\"09f8644\" data-element_type=\"widget\" data-widget_type=\"text-editor.default\">\n\t\t\t\t<div class=\"elementor-widget-container\">\n\t\t\t\t\t\t\t\t\t<p>Pernilla Warberg<\/p>\t\t\t\t\t\t\t\t<\/div>\n\t\t\t\t<\/div>\n\t\t\t\t\t<\/div>\n\t\t<\/div>\n\t\t\t\t<div class=\"elementor-column elementor-col-50 elementor-top-column elementor-element elementor-element-125ac73\" data-id=\"125ac73\" data-element_type=\"column\">\n\t\t\t<div class=\"elementor-widget-wrap elementor-element-populated\">\n\t\t\t\t\t\t<div class=\"elementor-element elementor-element-a1c3637 elementor-widget elementor-widget-text-editor\" data-id=\"a1c3637\" data-element_type=\"widget\" data-widget_type=\"text-editor.default\">\n\t\t\t\t<div class=\"elementor-widget-container\">\n\t\t\t\t\t\t\t\t\t<p><strong>Datum:<\/strong> 18 september <br \/><strong>Tid: <\/strong>09.00-12.00<strong><br \/><\/strong><strong>Plats:\u00a0<\/strong>\u00c5by konferensrum<\/p>\t\t\t\t\t\t\t\t<\/div>\n\t\t\t\t<\/div>\n\t\t\t\t\t<\/div>\n\t\t<\/div>\n\t\t\t\t\t<\/div>\n\t\t<\/section>\n\t\t\t\t<section class=\"elementor-section elementor-top-section elementor-element elementor-element-7bf421e elementor-section-boxed elementor-section-height-default elementor-section-height-default\" data-id=\"7bf421e\" data-element_type=\"section\">\n\t\t\t\t\t\t<div class=\"elementor-container elementor-column-gap-default\">\n\t\t\t\t\t<div class=\"elementor-column elementor-col-100 elementor-top-column elementor-element elementor-element-dc626b1\" data-id=\"dc626b1\" data-element_type=\"column\">\n\t\t\t<div class=\"elementor-widget-wrap elementor-element-populated\">\n\t\t\t\t\t\t<div class=\"elementor-element elementor-element-ccd670d elementor-widget elementor-widget-heading\" data-id=\"ccd670d\" data-element_type=\"widget\" data-widget_type=\"heading.default\">\n\t\t\t\t<div class=\"elementor-widget-container\">\n\t\t\t\t\t<h2 class=\"elementor-heading-title elementor-size-default\">Schema f\u00f6r konferensen 2025\n<\/h2>\t\t\t\t<\/div>\n\t\t\t\t<\/div>\n\t\t\t\t<div class=\"elementor-element elementor-element-23301e6 elementor-widget elementor-widget-text-editor\" data-id=\"23301e6\" data-element_type=\"widget\" data-widget_type=\"text-editor.default\">\n\t\t\t\t<div class=\"elementor-widget-container\">\n\t\t\t\t\t\t\t\t\t<p><strong>09.00-09.10:<\/strong> V\u00e4lkomna<br \/><strong>10.30- 10.50:<\/strong> Mingelpaus<br \/><strong>11.50-12.00:<\/strong> Avslut<\/p>\t\t\t\t\t\t\t\t<\/div>\n\t\t\t\t<\/div>\n\t\t\t\t\t<\/div>\n\t\t<\/div>\n\t\t\t\t\t<\/div>\n\t\t<\/section>\n\t\t\t\t<section class=\"elementor-section elementor-top-section elementor-element elementor-element-542a8b3 elementor-section-boxed elementor-section-height-default elementor-section-height-default\" data-id=\"542a8b3\" data-element_type=\"section\">\n\t\t\t\t\t\t<div class=\"elementor-container elementor-column-gap-default\">\n\t\t\t\t\t<div class=\"elementor-column elementor-col-33 elementor-top-column elementor-element elementor-element-256022d\" data-id=\"256022d\" data-element_type=\"column\">\n\t\t\t<div class=\"elementor-widget-wrap elementor-element-populated\">\n\t\t\t\t\t\t<div class=\"elementor-element elementor-element-59aed02 elementor-widget elementor-widget-heading\" data-id=\"59aed02\" data-element_type=\"widget\" data-widget_type=\"heading.default\">\n\t\t\t\t<div class=\"elementor-widget-container\">\n\t\t\t\t\t<h2 class=\"elementor-heading-title elementor-size-default\">09.10-09.50<\/h2>\t\t\t\t<\/div>\n\t\t\t\t<\/div>\n\t\t\t\t<div class=\"elementor-element elementor-element-a03fbbb elementor-widget__width-initial elementor-position-top elementor-widget elementor-widget-image-box\" data-id=\"a03fbbb\" data-element_type=\"widget\" data-widget_type=\"image-box.default\">\n\t\t\t\t<div class=\"elementor-widget-container\">\n\t\t\t\t\t<div class=\"elementor-image-box-wrapper\"><figure class=\"elementor-image-box-img\"><img decoding=\"async\" width=\"400\" height=\"250\" src=\"https:\/\/easyfairsassets.com\/sites\/126\/2025\/06\/Mall-hemsida.jpg\" class=\"attachment-full size-full wp-image-22723\" alt=\"\" srcset=\"https:\/\/easyfairsassets.com\/sites\/126\/2025\/06\/Mall-hemsida.jpg 400w, https:\/\/easyfairsassets.com\/sites\/126\/2025\/06\/Mall-hemsida-300x188.jpg 300w\" sizes=\"(max-width: 400px) 100vw, 400px\" \/><\/figure><div class=\"elementor-image-box-content\"><h3 class=\"elementor-image-box-title\">Efter explosionerna i V\u00e4stra Fr\u00f6lunda: Bostadsbolagets arbete f\u00f6r trygghet<\/h3><p class=\"elementor-image-box-description\">Sara och Camilla ber\u00e4ttar om krisarbete och efterarbete i samband med tv\u00e5 explosioner i V\u00e4stra Fr\u00f6lunda i februari 2024 samt vilka l\u00e4rdomar som de dragit efter arbetet. Det blev stora skador p\u00e5 fastigheterna och m\u00e5nga hyresg\u00e4ster blev r\u00e4dda och otrygga. I krisarbetet fick Bostadsbolaget hantera b\u00e5de sociala och fysiska \u00e5tg\u00e4rder. Att vara redo f\u00f6r det v\u00e4rsta, att ha goda relationer till samarbetspartner och st\u00e4lla upp f\u00f6r varandra blir viktigt i arbetet. <br><br><b>Talare:<\/b> Sara Fischer, <i>S\u00e4kerhetschef<\/i>, och Camilla Tjernberg, <i>Chef f\u00f6r strategisk trygghet<\/i>, Bostadsbolaget<\/p><\/div><\/div>\t\t\t\t<\/div>\n\t\t\t\t<\/div>\n\t\t\t\t\t<\/div>\n\t\t<\/div>\n\t\t\t\t<div class=\"elementor-column elementor-col-33 elementor-top-column elementor-element elementor-element-e6646eb\" data-id=\"e6646eb\" data-element_type=\"column\">\n\t\t\t<div class=\"elementor-widget-wrap elementor-element-populated\">\n\t\t\t\t\t\t<div class=\"elementor-element elementor-element-21359f2 elementor-widget elementor-widget-heading\" data-id=\"21359f2\" data-element_type=\"widget\" data-widget_type=\"heading.default\">\n\t\t\t\t<div class=\"elementor-widget-container\">\n\t\t\t\t\t<h2 class=\"elementor-heading-title elementor-size-default\">09.50-10.30<\/h2>\t\t\t\t<\/div>\n\t\t\t\t<\/div>\n\t\t\t\t<div class=\"elementor-element elementor-element-6a6ed95 elementor-widget__width-initial elementor-position-top elementor-widget elementor-widget-image-box\" data-id=\"6a6ed95\" data-element_type=\"widget\" data-widget_type=\"image-box.default\">\n\t\t\t\t<div class=\"elementor-widget-container\">\n\t\t\t\t\t<div class=\"elementor-image-box-wrapper\"><figure class=\"elementor-image-box-img\"><img decoding=\"async\" width=\"400\" height=\"250\" src=\"https:\/\/easyfairsassets.com\/sites\/126\/2025\/06\/paul.jpg\" class=\"attachment-full size-full wp-image-22736\" alt=\"\" srcset=\"https:\/\/easyfairsassets.com\/sites\/126\/2025\/06\/paul.jpg 400w, https:\/\/easyfairsassets.com\/sites\/126\/2025\/06\/paul-300x188.jpg 300w\" sizes=\"(max-width: 400px) 100vw, 400px\" \/><\/figure><div class=\"elementor-image-box-content\"><h3 class=\"elementor-image-box-title\">N\u00e4r fastigheten g\u00e5r online - vad kan g\u00e5 fel?<\/h3><p class=\"elementor-image-box-description\">Smarta fastigheter \u00e4r framtiden \u2013 men hur h\u00e5ller vi dem s\u00e4kra? En praktisk genomg\u00e5ng av IoT i fastigheter och vad du som f\u00f6rvaltare beh\u00f6ver veta om IT-s\u00e4kerhet.<br><br><b>Talare:<\/b> Paul Pinter, <i>R\u00e5dgivare<\/i>, St\u00f6ldskyddsf\u00f6reningen<\/p><\/div><\/div>\t\t\t\t<\/div>\n\t\t\t\t<\/div>\n\t\t\t\t\t<\/div>\n\t\t<\/div>\n\t\t\t\t<div class=\"elementor-column elementor-col-33 elementor-top-column elementor-element elementor-element-f29bc61\" data-id=\"f29bc61\" data-element_type=\"column\">\n\t\t\t<div class=\"elementor-widget-wrap elementor-element-populated\">\n\t\t\t\t\t\t<div class=\"elementor-element elementor-element-51f63a0 elementor-widget elementor-widget-heading\" data-id=\"51f63a0\" data-element_type=\"widget\" data-widget_type=\"heading.default\">\n\t\t\t\t<div class=\"elementor-widget-container\">\n\t\t\t\t\t<h2 class=\"elementor-heading-title elementor-size-default\">10.50-11.50<\/h2>\t\t\t\t<\/div>\n\t\t\t\t<\/div>\n\t\t\t\t<div class=\"elementor-element elementor-element-4bb9f9d elementor-widget__width-initial elementor-position-top elementor-widget elementor-widget-image-box\" data-id=\"4bb9f9d\" data-element_type=\"widget\" data-widget_type=\"image-box.default\">\n\t\t\t\t<div class=\"elementor-widget-container\">\n\t\t\t\t\t<div class=\"elementor-image-box-wrapper\"><figure class=\"elementor-image-box-img\"><img loading=\"lazy\" decoding=\"async\" width=\"400\" height=\"250\" src=\"https:\/\/easyfairsassets.com\/sites\/126\/2025\/06\/oceana.jpg\" class=\"attachment-full size-full wp-image-22728\" alt=\"\" srcset=\"https:\/\/easyfairsassets.com\/sites\/126\/2025\/06\/oceana.jpg 400w, https:\/\/easyfairsassets.com\/sites\/126\/2025\/06\/oceana-300x188.jpg 300w\" sizes=\"(max-width: 400px) 100vw, 400px\" \/><\/figure><div class=\"elementor-image-box-content\"><h3 class=\"elementor-image-box-title\">L\u00e4rdomar fr\u00e5n Oceana-branden: Ett operativt och f\u00f6rebyggande perspektiv<\/h3><p class=\"elementor-image-box-description\">Henning och Jon ber\u00e4ttar om den tragiska branden p\u00e5 Oceana-Liseberg den 12 februari 2024. F\u00f6rel\u00e4sningen kommer handla om arbetet p\u00e5 skadeplatsen och dess utmaningar och l\u00e4rdomar som dragits. <br><br><b>Talare:<\/b> Henning Wall\u00e9n,<i> Insatsledare<\/i>, R\u00e4ddningstj\u00e4nsten Storg\u00f6teborg och Jon Pile, <i>Restv\u00e4rdeledare<\/i>, Brandskyddsf\u00f6reningen<\/p><\/div><\/div>\t\t\t\t<\/div>\n\t\t\t\t<\/div>\n\t\t\t\t\t<\/div>\n\t\t<\/div>\n\t\t\t\t\t<\/div>\n\t\t<\/section>\n\t\t\t\t<section class=\"elementor-section elementor-top-section elementor-element elementor-element-c97de98 elementor-section-boxed elementor-section-height-default elementor-section-height-default\" data-id=\"c97de98\" data-element_type=\"section\" data-settings=\"{&quot;background_background&quot;:&quot;classic&quot;}\">\n\t\t\t\t\t\t<div class=\"elementor-container elementor-column-gap-default\">\n\t\t\t\t\t<div class=\"elementor-column elementor-col-100 elementor-top-column elementor-element elementor-element-fea5d42\" data-id=\"fea5d42\" data-element_type=\"column\" data-settings=\"{&quot;background_background&quot;:&quot;classic&quot;}\">\n\t\t\t<div class=\"elementor-widget-wrap elementor-element-populated\">\n\t\t\t\t\t\t<div class=\"elementor-element elementor-element-3aabec1 elementor-widget elementor-widget-spacer\" data-id=\"3aabec1\" data-element_type=\"widget\" data-widget_type=\"spacer.default\">\n\t\t\t\t<div class=\"elementor-widget-container\">\n\t\t\t\t\t\t\t<div class=\"elementor-spacer\">\n\t\t\t<div class=\"elementor-spacer-inner\"><\/div>\n\t\t<\/div>\n\t\t\t\t\t\t<\/div>\n\t\t\t\t<\/div>\n\t\t\t\t\t<\/div>\n\t\t<\/div>\n\t\t\t\t\t<\/div>\n\t\t<\/section>\n\t\t\t\t<\/div>\n\t\t","protected":false},"excerpt":{"rendered":"<p>I samarbete med S\u00e4kerhetsbranschen Fastighetss\u00e4kerhet Inf\u00f6r 2024 gjorde FastighetsM\u00e4ssan en st\u00f6rre satsning p\u00e5 fastighetss\u00e4kerhet genom en helt ny konferens dedikerad till s\u00e4kerhet kring fastigheten. S\u00e4kerhet kopplat till v\u00e5ra fastigheter \u00e4r viktigare \u00e4n n\u00e5gonsin och som fastighets\u00e4gare st\u00e4ller det helt nya krav p\u00e5 dig. Den nya v\u00e4rlden av fastighetss\u00e4kerhet \u00e4r smart, uppkopplad och det st\u00e4lls nya [&hellip;]<\/p>\n","protected":false},"author":16,"featured_media":0,"parent":0,"menu_order":0,"comment_status":"closed","ping_status":"closed","template":"elementor_header_footer","meta":{"_seopress_robots_primary_cat":"","_seopress_titles_title":"Fastighetss\u00e4kerhet - FastighetsM\u00e4ssan G\u00f6teborg","_seopress_titles_desc":"Fastighetss\u00e4kerhet - FastighetsM\u00e4ssan G\u00f6teborg","_seopress_robots_index":"","footnotes":""},"class_list":["post-22688","page","type-page","status-publish","hentry"],"_links":{"self":[{"href":"https:\/\/www.fastighetsmassangbg.se\/sv\/wp-json\/wp\/v2\/pages\/22688","targetHints":{"allow":["GET"]}}],"collection":[{"href":"https:\/\/www.fastighetsmassangbg.se\/sv\/wp-json\/wp\/v2\/pages"}],"about":[{"href":"https:\/\/www.fastighetsmassangbg.se\/sv\/wp-json\/wp\/v2\/types\/page"}],"author":[{"embeddable":true,"href":"https:\/\/www.fastighetsmassangbg.se\/sv\/wp-json\/wp\/v2\/users\/16"}],"replies":[{"embeddable":true,"href":"https:\/\/www.fastighetsmassangbg.se\/sv\/wp-json\/wp\/v2\/comments?post=22688"}],"version-history":[{"count":5,"href":"https:\/\/www.fastighetsmassangbg.se\/sv\/wp-json\/wp\/v2\/pages\/22688\/revisions"}],"predecessor-version":[{"id":26743,"href":"https:\/\/www.fastighetsmassangbg.se\/sv\/wp-json\/wp\/v2\/pages\/22688\/revisions\/26743"}],"wp:attachment":[{"href":"https:\/\/www.fastighetsmassangbg.se\/sv\/wp-json\/wp\/v2\/media?parent=22688"}],"curies":[{"name":"wp","href":"https:\/\/api.w.org\/{rel}","templated":true}]}}